{"id":86295,"date":"2026-03-27T09:29:21","date_gmt":"2026-03-27T08:29:21","guid":{"rendered":"https:\/\/www.santacole.com\/en\/product\/josep-lluis-sert-mapa-de-una-exposicion-N-00302\/"},"modified":"2026-03-27T09:29:30","modified_gmt":"2026-03-27T08:29:30","slug":"josep-lluis-sert-mapa-de-una-exposicion-n-00302","status":"publish","type":"product","link":"https:\/\/www.santacole.com\/es\/arte\/neoseries-contemporaneas\/josep-lluis-sert-mapa-de-una-exposicion-n-00302\/","title":{"rendered":"Josep Llu\u00eds Sert: mapa de una exposici\u00f3n"},"content":{"rendered":"","protected":false},"excerpt":{"rendered":"<p>Bea Sarrias presenta la arquitectura moderna como un campo de exploraci\u00f3n pict\u00f3rica, donde la obra de Josep Llu\u00eds Sert dialoga con la abstracci\u00f3n, la geometr\u00eda y la luz bajo la influencia latente de P<\/p>\n","protected":false},"featured_media":86296,"template":"","meta":{"_acf_changed":false},"product_collection":[1642,1643],"product_family":[],"product_brand":[],"product_cat":[378,377,376],"product_tag":[],"class_list":{"0":"post-86295","1":"product","2":"type-product","3":"status-publish","4":"has-post-thumbnail","6":"product_collection-bea-sarrias-architecture-in-color-en","7":"product_collection-bea-sarrias-arquitectura-en-color-es","8":"product_cat-neoseries-contemporaneas","9":"product_cat-arte","10":"product_cat-contemporary-neoseries","11":"product_shipping_class-contemporary-neoseries-en","12":"entry","14":"first","15":"instock","16":"taxable","17":"shipping-taxable","18":"product-type-simple"},"acf":[],"_links":{"self":[{"href":"https:\/\/www.santacole.com\/es\/wp-json\/wp\/v2\/product\/86295","targetHints":{"allow":["GET"]}}],"collection":[{"href":"https:\/\/www.santacole.com\/es\/wp-json\/wp\/v2\/product"}],"about":[{"href":"https:\/\/www.santacole.com\/es\/wp-json\/wp\/v2\/types\/product"}],"wp:featuredmedia":[{"embeddable":true,"href":"https:\/\/www.santacole.com\/es\/wp-json\/wp\/v2\/media\/86296"}],"wp:attachment":[{"href":"https:\/\/www.santacole.com\/es\/wp-json\/wp\/v2\/media?parent=86295"}],"wp:term":[{"taxonomy":"product_collection","embeddable":true,"href":"https:\/\/www.santacole.com\/es\/wp-json\/wp\/v2\/product_collection?post=86295"},{"taxonomy":"product_family","embeddable":true,"href":"https:\/\/www.santacole.com\/es\/wp-json\/wp\/v2\/product_family?post=86295"},{"taxonomy":"product_brand","embeddable":true,"href":"https:\/\/www.santacole.com\/es\/wp-json\/wp\/v2\/product_brand?post=86295"},{"taxonomy":"product_cat","embeddable":true,"href":"https:\/\/www.santacole.com\/es\/wp-json\/wp\/v2\/product_cat?post=86295"},{"taxonomy":"product_tag","embeddable":true,"href":"https:\/\/www.santacole.com\/es\/wp-json\/wp\/v2\/product_tag?post=86295"}],"curies":[{"name":"wp","href":"https:\/\/api.w.org\/{rel}","templated":true}]}}