{"id":86292,"date":"2026-03-27T09:29:30","date_gmt":"2026-03-27T08:29:30","guid":{"rendered":"https:\/\/www.santacole.com\/en\/product\/paul-rudolph-mapa-de-una-exposicion-N-00301\/"},"modified":"2026-03-27T09:29:39","modified_gmt":"2026-03-27T08:29:39","slug":"paul-rudolph-mapa-de-una-exposicion-n-00301","status":"publish","type":"product","link":"https:\/\/www.santacole.com\/es\/arte\/neoseries-contemporaneas\/paul-rudolph-mapa-de-una-exposicion-n-00301\/","title":{"rendered":"Paul Rudolph: mapa de una exposici\u00f3n"},"content":{"rendered":"","protected":false},"excerpt":{"rendered":"<p>Bea Sarrias presenta la arquitectura moderna como exploraci\u00f3n pict\u00f3rica, donde la obra de Paul Rudolph dialoga con la complejidad espacial, la expresi\u00f3n estructural y la luz.<\/p>\n","protected":false},"featured_media":86293,"template":"","meta":{"_acf_changed":false},"product_collection":[1643],"product_family":[],"product_brand":[],"product_cat":[378,377,376],"product_tag":[],"class_list":{"0":"post-86292","1":"product","2":"type-product","3":"status-publish","4":"has-post-thumbnail","6":"product_collection-bea-sarrias-arquitectura-en-color-es","7":"product_cat-neoseries-contemporaneas","8":"product_cat-arte","9":"product_cat-contemporary-neoseries","10":"product_shipping_class-contemporary-neoseries-en","11":"entry","13":"first","14":"instock","15":"taxable","16":"shipping-taxable","17":"product-type-simple"},"acf":[],"_links":{"self":[{"href":"https:\/\/www.santacole.com\/es\/wp-json\/wp\/v2\/product\/86292","targetHints":{"allow":["GET"]}}],"collection":[{"href":"https:\/\/www.santacole.com\/es\/wp-json\/wp\/v2\/product"}],"about":[{"href":"https:\/\/www.santacole.com\/es\/wp-json\/wp\/v2\/types\/product"}],"wp:featuredmedia":[{"embeddable":true,"href":"https:\/\/www.santacole.com\/es\/wp-json\/wp\/v2\/media\/86293"}],"wp:attachment":[{"href":"https:\/\/www.santacole.com\/es\/wp-json\/wp\/v2\/media?parent=86292"}],"wp:term":[{"taxonomy":"product_collection","embeddable":true,"href":"https:\/\/www.santacole.com\/es\/wp-json\/wp\/v2\/product_collection?post=86292"},{"taxonomy":"product_family","embeddable":true,"href":"https:\/\/www.santacole.com\/es\/wp-json\/wp\/v2\/product_family?post=86292"},{"taxonomy":"product_brand","embeddable":true,"href":"https:\/\/www.santacole.com\/es\/wp-json\/wp\/v2\/product_brand?post=86292"},{"taxonomy":"product_cat","embeddable":true,"href":"https:\/\/www.santacole.com\/es\/wp-json\/wp\/v2\/product_cat?post=86292"},{"taxonomy":"product_tag","embeddable":true,"href":"https:\/\/www.santacole.com\/es\/wp-json\/wp\/v2\/product_tag?post=86292"}],"curies":[{"name":"wp","href":"https:\/\/api.w.org\/{rel}","templated":true}]}}