{"id":86286,"date":"2026-03-27T09:29:39","date_gmt":"2026-03-27T08:29:39","guid":{"rendered":"https:\/\/www.santacole.com\/en\/product\/luis-barragan-mapa-de-una-exposicion-N-00300\/"},"modified":"2026-03-27T09:29:48","modified_gmt":"2026-03-27T08:29:48","slug":"luis-barragan-mapa-de-una-exposicion-n-00300","status":"publish","type":"product","link":"https:\/\/www.santacole.com\/es\/arte\/neoseries-contemporaneas\/luis-barragan-mapa-de-una-exposicion-n-00300\/","title":{"rendered":"Luis Barrag\u00e1n: mapa de una exposici\u00f3n"},"content":{"rendered":"","protected":false},"excerpt":{"rendered":"<p>Bea Sarrias presenta un mapa pict\u00f3rico construido a partir la obra y los conceptos de Luis Barrag\u00e1n, donde arquitectura y abstracci\u00f3n dialogan desde el color y la geometr\u00eda.<\/p>\n","protected":false},"featured_media":86290,"template":"","meta":{"_acf_changed":false},"product_collection":[1642,1643],"product_family":[],"product_brand":[],"product_cat":[378,377,376],"product_tag":[],"class_list":{"0":"post-86286","1":"product","2":"type-product","3":"status-publish","4":"has-post-thumbnail","6":"product_collection-bea-sarrias-architecture-in-color-en","7":"product_collection-bea-sarrias-arquitectura-en-color-es","8":"product_cat-neoseries-contemporaneas","9":"product_cat-arte","10":"product_cat-contemporary-neoseries","11":"product_shipping_class-contemporary-neoseries-en","12":"entry","14":"first","15":"instock","16":"taxable","17":"shipping-taxable","18":"product-type-simple"},"acf":[],"_links":{"self":[{"href":"https:\/\/www.santacole.com\/es\/wp-json\/wp\/v2\/product\/86286","targetHints":{"allow":["GET"]}}],"collection":[{"href":"https:\/\/www.santacole.com\/es\/wp-json\/wp\/v2\/product"}],"about":[{"href":"https:\/\/www.santacole.com\/es\/wp-json\/wp\/v2\/types\/product"}],"wp:featuredmedia":[{"embeddable":true,"href":"https:\/\/www.santacole.com\/es\/wp-json\/wp\/v2\/media\/86290"}],"wp:attachment":[{"href":"https:\/\/www.santacole.com\/es\/wp-json\/wp\/v2\/media?parent=86286"}],"wp:term":[{"taxonomy":"product_collection","embeddable":true,"href":"https:\/\/www.santacole.com\/es\/wp-json\/wp\/v2\/product_collection?post=86286"},{"taxonomy":"product_family","embeddable":true,"href":"https:\/\/www.santacole.com\/es\/wp-json\/wp\/v2\/product_family?post=86286"},{"taxonomy":"product_brand","embeddable":true,"href":"https:\/\/www.santacole.com\/es\/wp-json\/wp\/v2\/product_brand?post=86286"},{"taxonomy":"product_cat","embeddable":true,"href":"https:\/\/www.santacole.com\/es\/wp-json\/wp\/v2\/product_cat?post=86286"},{"taxonomy":"product_tag","embeddable":true,"href":"https:\/\/www.santacole.com\/es\/wp-json\/wp\/v2\/product_tag?post=86286"}],"curies":[{"name":"wp","href":"https:\/\/api.w.org\/{rel}","templated":true}]}}