{"id":71155,"date":"2026-03-25T10:18:14","date_gmt":"2026-03-25T09:18:14","guid":{"rendered":"https:\/\/www.santacole.com\/uncategorized\/diana-394-2\/"},"modified":"2026-03-25T10:42:01","modified_gmt":"2026-03-25T09:42:01","slug":"diana-394","status":"publish","type":"product","link":"https:\/\/www.santacole.com\/es\/iluminacion\/lamparas-de-sobremesa\/diana-394\/","title":{"rendered":"Diana"},"content":{"rendered":"","protected":false},"excerpt":{"rendered":"<p>Cl\u00e1sica y moderna, combina un generoso pie met\u00e1lico y fuste esbelto con un tambor de lino c\u00f3nico que difunde su luz generosa y sin sombras.<\/p>\n","protected":false},"featured_media":86351,"template":"","meta":{"_acf_changed":false},"product_collection":[],"product_family":[1458,1459],"product_brand":[],"product_cat":[42,41,130],"product_tag":[],"class_list":{"0":"post-71155","1":"product","2":"type-product","3":"status-publish","4":"has-post-thumbnail","6":"product_family-diana-en","7":"product_family-diana-es","8":"product_cat-lamparas-de-sobremesa","9":"product_cat-iluminacion","10":"product_cat-table-lamps","11":"entry","13":"first","14":"instock","15":"taxable","16":"shipping-taxable","17":"product-type-variable","18":"has-default-attributes"},"acf":[],"_links":{"self":[{"href":"https:\/\/www.santacole.com\/es\/wp-json\/wp\/v2\/product\/71155","targetHints":{"allow":["GET"]}}],"collection":[{"href":"https:\/\/www.santacole.com\/es\/wp-json\/wp\/v2\/product"}],"about":[{"href":"https:\/\/www.santacole.com\/es\/wp-json\/wp\/v2\/types\/product"}],"wp:featuredmedia":[{"embeddable":true,"href":"https:\/\/www.santacole.com\/es\/wp-json\/wp\/v2\/media\/86351"}],"wp:attachment":[{"href":"https:\/\/www.santacole.com\/es\/wp-json\/wp\/v2\/media?parent=71155"}],"wp:term":[{"taxonomy":"product_collection","embeddable":true,"href":"https:\/\/www.santacole.com\/es\/wp-json\/wp\/v2\/product_collection?post=71155"},{"taxonomy":"product_family","embeddable":true,"href":"https:\/\/www.santacole.com\/es\/wp-json\/wp\/v2\/product_family?post=71155"},{"taxonomy":"product_brand","embeddable":true,"href":"https:\/\/www.santacole.com\/es\/wp-json\/wp\/v2\/product_brand?post=71155"},{"taxonomy":"product_cat","embeddable":true,"href":"https:\/\/www.santacole.com\/es\/wp-json\/wp\/v2\/product_cat?post=71155"},{"taxonomy":"product_tag","embeddable":true,"href":"https:\/\/www.santacole.com\/es\/wp-json\/wp\/v2\/product_tag?post=71155"}],"curies":[{"name":"wp","href":"https:\/\/api.w.org\/{rel}","templated":true}]}}