{"id":69867,"date":"2026-03-26T19:27:34","date_gmt":"2026-03-26T18:27:34","guid":{"rendered":"https:\/\/www.santacole.com\/en\/product\/sunset-in-east-village-N-00285\/"},"modified":"2026-03-26T19:28:12","modified_gmt":"2026-03-26T18:28:12","slug":"sunset-in-east-village-n-00285","status":"publish","type":"product","link":"https:\/\/www.santacole.com\/es\/arte\/neoseries-contemporaneas\/sunset-in-east-village-n-00285\/","title":{"rendered":"Sunset in East Village"},"content":{"rendered":"","protected":false},"excerpt":{"rendered":"<p>Carmen Galofr\u00e9 plasma Nueva York con su mirada mediterr\u00e1nea, fundiendo abstracci\u00f3n y figuraci\u00f3n en paisajes urbanos ba\u00f1ados en tonos crema y azulados.<\/p>\n","protected":false},"featured_media":119147,"template":"","meta":{"_acf_changed":false},"product_collection":[1448,1449],"product_family":[],"product_brand":[],"product_cat":[378,377,376],"product_tag":[],"class_list":{"0":"post-69867","1":"product","2":"type-product","3":"status-publish","4":"has-post-thumbnail","6":"product_collection-carmen-galofre-fall-in-new-york-en","7":"product_collection-carmen-galofre-fall-in-new-york-es","8":"product_cat-neoseries-contemporaneas","9":"product_cat-arte","10":"product_cat-contemporary-neoseries","11":"product_shipping_class-contemporary-neoseries-en","12":"entry","14":"first","15":"instock","16":"taxable","17":"shipping-taxable","18":"product-type-simple"},"acf":[],"_links":{"self":[{"href":"https:\/\/www.santacole.com\/es\/wp-json\/wp\/v2\/product\/69867","targetHints":{"allow":["GET"]}}],"collection":[{"href":"https:\/\/www.santacole.com\/es\/wp-json\/wp\/v2\/product"}],"about":[{"href":"https:\/\/www.santacole.com\/es\/wp-json\/wp\/v2\/types\/product"}],"wp:featuredmedia":[{"embeddable":true,"href":"https:\/\/www.santacole.com\/es\/wp-json\/wp\/v2\/media\/119147"}],"wp:attachment":[{"href":"https:\/\/www.santacole.com\/es\/wp-json\/wp\/v2\/media?parent=69867"}],"wp:term":[{"taxonomy":"product_collection","embeddable":true,"href":"https:\/\/www.santacole.com\/es\/wp-json\/wp\/v2\/product_collection?post=69867"},{"taxonomy":"product_family","embeddable":true,"href":"https:\/\/www.santacole.com\/es\/wp-json\/wp\/v2\/product_family?post=69867"},{"taxonomy":"product_brand","embeddable":true,"href":"https:\/\/www.santacole.com\/es\/wp-json\/wp\/v2\/product_brand?post=69867"},{"taxonomy":"product_cat","embeddable":true,"href":"https:\/\/www.santacole.com\/es\/wp-json\/wp\/v2\/product_cat?post=69867"},{"taxonomy":"product_tag","embeddable":true,"href":"https:\/\/www.santacole.com\/es\/wp-json\/wp\/v2\/product_tag?post=69867"}],"curies":[{"name":"wp","href":"https:\/\/api.w.org\/{rel}","templated":true}]}}