{"id":69773,"date":"2026-03-26T19:02:37","date_gmt":"2026-03-26T18:02:37","guid":{"rendered":"https:\/\/www.santacole.com\/en\/product\/colour-scheme-v-N-00244\/"},"modified":"2026-03-26T19:03:15","modified_gmt":"2026-03-26T18:03:15","slug":"colour-scheme-v-n-00244","status":"publish","type":"product","link":"https:\/\/www.santacole.com\/es\/arte\/neoseries-contemporaneas\/colour-scheme-v-n-00244\/","title":{"rendered":"Colour Scheme V"},"content":{"rendered":"","protected":false},"excerpt":{"rendered":"<p>Claudia Valsells cre\u00f3 para Santa &amp; Cole una colecci\u00f3n de ocho colores, aplicada primero en la l\u00e1mpara M64 de Miguel Mil\u00e1. De su estudio crom\u00e1tico nacieron estas Neoseries, ediciones de arte que exploran armon\u00edas y color.<\/p>\n","protected":false},"featured_media":119096,"template":"","meta":{"_acf_changed":false},"product_collection":[1490,1445],"product_family":[],"product_brand":[],"product_cat":[378,377,376],"product_tag":[],"class_list":{"0":"post-69773","1":"product","2":"type-product","3":"status-publish","4":"has-post-thumbnail","6":"product_collection-claudia-valsells-colour-schemes-en","7":"product_collection-los-esquemas-de-color-de-claudia-valsells-es","8":"product_cat-neoseries-contemporaneas","9":"product_cat-arte","10":"product_cat-contemporary-neoseries","11":"product_shipping_class-contemporary-neoseries-en","12":"entry","14":"first","15":"instock","16":"taxable","17":"shipping-taxable","18":"product-type-simple"},"acf":[],"_links":{"self":[{"href":"https:\/\/www.santacole.com\/es\/wp-json\/wp\/v2\/product\/69773","targetHints":{"allow":["GET"]}}],"collection":[{"href":"https:\/\/www.santacole.com\/es\/wp-json\/wp\/v2\/product"}],"about":[{"href":"https:\/\/www.santacole.com\/es\/wp-json\/wp\/v2\/types\/product"}],"wp:featuredmedia":[{"embeddable":true,"href":"https:\/\/www.santacole.com\/es\/wp-json\/wp\/v2\/media\/119096"}],"wp:attachment":[{"href":"https:\/\/www.santacole.com\/es\/wp-json\/wp\/v2\/media?parent=69773"}],"wp:term":[{"taxonomy":"product_collection","embeddable":true,"href":"https:\/\/www.santacole.com\/es\/wp-json\/wp\/v2\/product_collection?post=69773"},{"taxonomy":"product_family","embeddable":true,"href":"https:\/\/www.santacole.com\/es\/wp-json\/wp\/v2\/product_family?post=69773"},{"taxonomy":"product_brand","embeddable":true,"href":"https:\/\/www.santacole.com\/es\/wp-json\/wp\/v2\/product_brand?post=69773"},{"taxonomy":"product_cat","embeddable":true,"href":"https:\/\/www.santacole.com\/es\/wp-json\/wp\/v2\/product_cat?post=69773"},{"taxonomy":"product_tag","embeddable":true,"href":"https:\/\/www.santacole.com\/es\/wp-json\/wp\/v2\/product_tag?post=69773"}],"curies":[{"name":"wp","href":"https:\/\/api.w.org\/{rel}","templated":true}]}}