{"id":69737,"date":"2026-03-26T18:55:39","date_gmt":"2026-03-26T17:55:39","guid":{"rendered":"https:\/\/www.santacole.com\/en\/product\/la-buganvilla-y-el-mar-N-00210\/"},"modified":"2026-03-26T18:56:04","modified_gmt":"2026-03-26T17:56:04","slug":"la-buganvilla-y-el-mar-n-00210","status":"publish","type":"product","link":"https:\/\/www.santacole.com\/es\/arte\/neoseries-contemporaneas\/la-buganvilla-y-el-mar-n-00210\/","title":{"rendered":"La buganvilla y el mar"},"content":{"rendered":"","protected":false},"excerpt":{"rendered":"<p>La pintura de M\u00edriam Dema nace de la memoria y lo cotidiano, explorando v\u00ednculos humanos con t\u00e9cnica intuitiva y una mirada nost\u00e1lgica hacia lo ef\u00edmero.<\/p>\n","protected":false},"featured_media":119077,"template":"","meta":{"_acf_changed":false},"product_collection":[],"product_family":[],"product_brand":[],"product_cat":[378,377,376],"product_tag":[],"class_list":{"0":"post-69737","1":"product","2":"type-product","3":"status-publish","4":"has-post-thumbnail","6":"product_cat-neoseries-contemporaneas","7":"product_cat-arte","8":"product_cat-contemporary-neoseries","9":"product_shipping_class-contemporary-neoseries-en","10":"entry","12":"first","13":"instock","14":"taxable","15":"shipping-taxable","16":"product-type-simple"},"acf":[],"_links":{"self":[{"href":"https:\/\/www.santacole.com\/es\/wp-json\/wp\/v2\/product\/69737","targetHints":{"allow":["GET"]}}],"collection":[{"href":"https:\/\/www.santacole.com\/es\/wp-json\/wp\/v2\/product"}],"about":[{"href":"https:\/\/www.santacole.com\/es\/wp-json\/wp\/v2\/types\/product"}],"wp:featuredmedia":[{"embeddable":true,"href":"https:\/\/www.santacole.com\/es\/wp-json\/wp\/v2\/media\/119077"}],"wp:attachment":[{"href":"https:\/\/www.santacole.com\/es\/wp-json\/wp\/v2\/media?parent=69737"}],"wp:term":[{"taxonomy":"product_collection","embeddable":true,"href":"https:\/\/www.santacole.com\/es\/wp-json\/wp\/v2\/product_collection?post=69737"},{"taxonomy":"product_family","embeddable":true,"href":"https:\/\/www.santacole.com\/es\/wp-json\/wp\/v2\/product_family?post=69737"},{"taxonomy":"product_brand","embeddable":true,"href":"https:\/\/www.santacole.com\/es\/wp-json\/wp\/v2\/product_brand?post=69737"},{"taxonomy":"product_cat","embeddable":true,"href":"https:\/\/www.santacole.com\/es\/wp-json\/wp\/v2\/product_cat?post=69737"},{"taxonomy":"product_tag","embeddable":true,"href":"https:\/\/www.santacole.com\/es\/wp-json\/wp\/v2\/product_tag?post=69737"}],"curies":[{"name":"wp","href":"https:\/\/api.w.org\/{rel}","templated":true}]}}