{"id":69691,"date":"2026-03-26T18:45:50","date_gmt":"2026-03-26T17:45:50","guid":{"rendered":"https:\/\/www.santacole.com\/en\/product\/calle-de-ses-salines-mallorca-N-00125\/"},"modified":"2026-03-26T18:46:10","modified_gmt":"2026-03-26T17:46:10","slug":"calle-de-ses-salines-mallorca-n-00125","status":"publish","type":"product","link":"https:\/\/www.santacole.com\/es\/arte\/neoseries-contemporaneas\/calle-de-ses-salines-mallorca-n-00125\/","title":{"rendered":"Calle de Ses Salines, Mallorca"},"content":{"rendered":"","protected":false},"excerpt":{"rendered":"<p>Carmen Galofr\u00e9 explora la conexi\u00f3n entre interior y exterior con una pintura emocional, entre la figuraci\u00f3n y la abstracci\u00f3n, luz y materia.<\/p>\n","protected":false},"featured_media":119054,"template":"","meta":{"_acf_changed":false},"product_collection":[],"product_family":[],"product_brand":[],"product_cat":[378,377,376],"product_tag":[],"class_list":{"0":"post-69691","1":"product","2":"type-product","3":"status-publish","4":"has-post-thumbnail","6":"product_cat-neoseries-contemporaneas","7":"product_cat-arte","8":"product_cat-contemporary-neoseries","9":"product_shipping_class-contemporary-neoseries-en","10":"entry","12":"first","13":"instock","14":"taxable","15":"shipping-taxable","16":"product-type-simple"},"acf":[],"_links":{"self":[{"href":"https:\/\/www.santacole.com\/es\/wp-json\/wp\/v2\/product\/69691","targetHints":{"allow":["GET"]}}],"collection":[{"href":"https:\/\/www.santacole.com\/es\/wp-json\/wp\/v2\/product"}],"about":[{"href":"https:\/\/www.santacole.com\/es\/wp-json\/wp\/v2\/types\/product"}],"wp:featuredmedia":[{"embeddable":true,"href":"https:\/\/www.santacole.com\/es\/wp-json\/wp\/v2\/media\/119054"}],"wp:attachment":[{"href":"https:\/\/www.santacole.com\/es\/wp-json\/wp\/v2\/media?parent=69691"}],"wp:term":[{"taxonomy":"product_collection","embeddable":true,"href":"https:\/\/www.santacole.com\/es\/wp-json\/wp\/v2\/product_collection?post=69691"},{"taxonomy":"product_family","embeddable":true,"href":"https:\/\/www.santacole.com\/es\/wp-json\/wp\/v2\/product_family?post=69691"},{"taxonomy":"product_brand","embeddable":true,"href":"https:\/\/www.santacole.com\/es\/wp-json\/wp\/v2\/product_brand?post=69691"},{"taxonomy":"product_cat","embeddable":true,"href":"https:\/\/www.santacole.com\/es\/wp-json\/wp\/v2\/product_cat?post=69691"},{"taxonomy":"product_tag","embeddable":true,"href":"https:\/\/www.santacole.com\/es\/wp-json\/wp\/v2\/product_tag?post=69691"}],"curies":[{"name":"wp","href":"https:\/\/api.w.org\/{rel}","templated":true}]}}