{"id":69601,"date":"2026-03-26T18:35:53","date_gmt":"2026-03-26T17:35:53","guid":{"rendered":"https:\/\/www.santacole.com\/en\/product\/esferas-N-00163\/"},"modified":"2026-03-26T18:36:08","modified_gmt":"2026-03-26T17:36:08","slug":"esferas-n-00163","status":"publish","type":"product","link":"https:\/\/www.santacole.com\/es\/arte\/neoseries-contemporaneas\/esferas-n-00163\/","title":{"rendered":"Esferas"},"content":{"rendered":"","protected":false},"excerpt":{"rendered":"<p>Inspirada en edificios modernistas de Barcelona, Mart\u00ednez Palou retrata su geometr\u00eda y atm\u00f3sfera a trav\u00e9s del grabado y la superposici\u00f3n de formas.<\/p>\n","protected":false},"featured_media":118940,"template":"","meta":{"_acf_changed":false},"product_collection":[],"product_family":[],"product_brand":[],"product_cat":[378,377,376],"product_tag":[],"class_list":{"0":"post-69601","1":"product","2":"type-product","3":"status-publish","4":"has-post-thumbnail","6":"product_cat-neoseries-contemporaneas","7":"product_cat-arte","8":"product_cat-contemporary-neoseries","9":"product_shipping_class-contemporary-neoseries-en","10":"entry","12":"first","13":"instock","14":"taxable","15":"shipping-taxable","16":"product-type-simple"},"acf":[],"_links":{"self":[{"href":"https:\/\/www.santacole.com\/es\/wp-json\/wp\/v2\/product\/69601","targetHints":{"allow":["GET"]}}],"collection":[{"href":"https:\/\/www.santacole.com\/es\/wp-json\/wp\/v2\/product"}],"about":[{"href":"https:\/\/www.santacole.com\/es\/wp-json\/wp\/v2\/types\/product"}],"wp:featuredmedia":[{"embeddable":true,"href":"https:\/\/www.santacole.com\/es\/wp-json\/wp\/v2\/media\/118940"}],"wp:attachment":[{"href":"https:\/\/www.santacole.com\/es\/wp-json\/wp\/v2\/media?parent=69601"}],"wp:term":[{"taxonomy":"product_collection","embeddable":true,"href":"https:\/\/www.santacole.com\/es\/wp-json\/wp\/v2\/product_collection?post=69601"},{"taxonomy":"product_family","embeddable":true,"href":"https:\/\/www.santacole.com\/es\/wp-json\/wp\/v2\/product_family?post=69601"},{"taxonomy":"product_brand","embeddable":true,"href":"https:\/\/www.santacole.com\/es\/wp-json\/wp\/v2\/product_brand?post=69601"},{"taxonomy":"product_cat","embeddable":true,"href":"https:\/\/www.santacole.com\/es\/wp-json\/wp\/v2\/product_cat?post=69601"},{"taxonomy":"product_tag","embeddable":true,"href":"https:\/\/www.santacole.com\/es\/wp-json\/wp\/v2\/product_tag?post=69601"}],"curies":[{"name":"wp","href":"https:\/\/api.w.org\/{rel}","templated":true}]}}