{"id":69597,"date":"2026-03-26T18:35:29","date_gmt":"2026-03-26T17:35:29","guid":{"rendered":"https:\/\/www.santacole.com\/en\/product\/moragas-brusi-03-N-00162\/"},"modified":"2026-03-26T18:35:53","modified_gmt":"2026-03-26T17:35:53","slug":"moragas-brusi-03-n-00162","status":"publish","type":"product","link":"https:\/\/www.santacole.com\/es\/arte\/neoseries-contemporaneas\/moragas-brusi-03-n-00162\/","title":{"rendered":"Moragas Brusi 03"},"content":{"rendered":"","protected":false},"excerpt":{"rendered":"<p>Inspirada en edificios modernistas de Barcelona, Mart\u00ednez Palou retrata su geometr\u00eda y atm\u00f3sfera a trav\u00e9s del grabado y la superposici\u00f3n de formas.<\/p>\n","protected":false},"featured_media":119026,"template":"","meta":{"_acf_changed":false},"product_collection":[1489,1433],"product_family":[],"product_brand":[],"product_cat":[378,377,376],"product_tag":[],"class_list":{"0":"post-69597","1":"product","2":"type-product","3":"status-publish","4":"has-post-thumbnail","6":"product_collection-reticulas-6-archetypes-en","7":"product_collection-reticulas-6-arquetipos-es","8":"product_cat-neoseries-contemporaneas","9":"product_cat-arte","10":"product_cat-contemporary-neoseries","11":"product_shipping_class-contemporary-neoseries-en","12":"entry","14":"first","15":"instock","16":"taxable","17":"shipping-taxable","18":"product-type-simple"},"acf":[],"_links":{"self":[{"href":"https:\/\/www.santacole.com\/es\/wp-json\/wp\/v2\/product\/69597","targetHints":{"allow":["GET"]}}],"collection":[{"href":"https:\/\/www.santacole.com\/es\/wp-json\/wp\/v2\/product"}],"about":[{"href":"https:\/\/www.santacole.com\/es\/wp-json\/wp\/v2\/types\/product"}],"wp:featuredmedia":[{"embeddable":true,"href":"https:\/\/www.santacole.com\/es\/wp-json\/wp\/v2\/media\/119026"}],"wp:attachment":[{"href":"https:\/\/www.santacole.com\/es\/wp-json\/wp\/v2\/media?parent=69597"}],"wp:term":[{"taxonomy":"product_collection","embeddable":true,"href":"https:\/\/www.santacole.com\/es\/wp-json\/wp\/v2\/product_collection?post=69597"},{"taxonomy":"product_family","embeddable":true,"href":"https:\/\/www.santacole.com\/es\/wp-json\/wp\/v2\/product_family?post=69597"},{"taxonomy":"product_brand","embeddable":true,"href":"https:\/\/www.santacole.com\/es\/wp-json\/wp\/v2\/product_brand?post=69597"},{"taxonomy":"product_cat","embeddable":true,"href":"https:\/\/www.santacole.com\/es\/wp-json\/wp\/v2\/product_cat?post=69597"},{"taxonomy":"product_tag","embeddable":true,"href":"https:\/\/www.santacole.com\/es\/wp-json\/wp\/v2\/product_tag?post=69597"}],"curies":[{"name":"wp","href":"https:\/\/api.w.org\/{rel}","templated":true}]}}