{"id":69575,"date":"2026-03-26T18:34:03","date_gmt":"2026-03-26T17:34:03","guid":{"rendered":"https:\/\/www.santacole.com\/en\/product\/lc-marseille-N-00158\/"},"modified":"2026-03-26T18:34:21","modified_gmt":"2026-03-26T17:34:21","slug":"lc-marseille-n-00158","status":"publish","type":"product","link":"https:\/\/www.santacole.com\/es\/arte\/neoseries-contemporaneas\/lc-marseille-n-00158\/","title":{"rendered":"LC Marseille"},"content":{"rendered":"","protected":false},"excerpt":{"rendered":"<p>S\u00edlvia Mart\u00ednez Palou explora geometr\u00edas modernas a trav\u00e9s del grabado, creando composiciones planas de gran profundidad y carga simb\u00f3lica.<\/p>\n","protected":false},"featured_media":119021,"template":"","meta":{"_acf_changed":false},"product_collection":[],"product_family":[],"product_brand":[],"product_cat":[378,377,376],"product_tag":[],"class_list":{"0":"post-69575","1":"product","2":"type-product","3":"status-publish","4":"has-post-thumbnail","6":"product_cat-neoseries-contemporaneas","7":"product_cat-arte","8":"product_cat-contemporary-neoseries","9":"product_shipping_class-contemporary-neoseries-en","10":"entry","12":"first","13":"instock","14":"taxable","15":"shipping-taxable","16":"product-type-simple"},"acf":[],"_links":{"self":[{"href":"https:\/\/www.santacole.com\/es\/wp-json\/wp\/v2\/product\/69575","targetHints":{"allow":["GET"]}}],"collection":[{"href":"https:\/\/www.santacole.com\/es\/wp-json\/wp\/v2\/product"}],"about":[{"href":"https:\/\/www.santacole.com\/es\/wp-json\/wp\/v2\/types\/product"}],"wp:featuredmedia":[{"embeddable":true,"href":"https:\/\/www.santacole.com\/es\/wp-json\/wp\/v2\/media\/119021"}],"wp:attachment":[{"href":"https:\/\/www.santacole.com\/es\/wp-json\/wp\/v2\/media?parent=69575"}],"wp:term":[{"taxonomy":"product_collection","embeddable":true,"href":"https:\/\/www.santacole.com\/es\/wp-json\/wp\/v2\/product_collection?post=69575"},{"taxonomy":"product_family","embeddable":true,"href":"https:\/\/www.santacole.com\/es\/wp-json\/wp\/v2\/product_family?post=69575"},{"taxonomy":"product_brand","embeddable":true,"href":"https:\/\/www.santacole.com\/es\/wp-json\/wp\/v2\/product_brand?post=69575"},{"taxonomy":"product_cat","embeddable":true,"href":"https:\/\/www.santacole.com\/es\/wp-json\/wp\/v2\/product_cat?post=69575"},{"taxonomy":"product_tag","embeddable":true,"href":"https:\/\/www.santacole.com\/es\/wp-json\/wp\/v2\/product_tag?post=69575"}],"curies":[{"name":"wp","href":"https:\/\/api.w.org\/{rel}","templated":true}]}}