{"id":69499,"date":"2026-03-17T12:17:14","date_gmt":"2026-03-17T11:17:14","guid":{"rendered":"https:\/\/www.santacole.com\/en\/product\/muchacho-con-turbante-y-un-ramillete-de-flores-2985\/"},"modified":"2026-03-17T12:18:32","modified_gmt":"2026-03-17T11:18:32","slug":"muchacho-con-turbante-y-un-ramillete-de-flores-m-00127","status":"publish","type":"product","link":"https:\/\/www.santacole.com\/es\/arte\/neoseries-de-museo\/muchacho-con-turbante-y-un-ramillete-de-flores-m-00127\/","title":{"rendered":"Muchacho con turbante y un ramillete de flores"},"content":{"rendered":"","protected":false},"excerpt":{"rendered":"<p>Las Neoseries de Museo acercan obras maestras al p\u00fablico, permitiendo vivir con arte m\u00e1s all\u00e1 de las paredes del museo.<\/p>\n","protected":false},"featured_media":111494,"template":"","meta":{"_acf_changed":false},"product_collection":[1437,1486],"product_family":[],"product_brand":[],"product_cat":[380,377,379],"product_tag":[],"class_list":{"0":"post-69499","1":"product","2":"type-product","3":"status-publish","4":"has-post-thumbnail","6":"product_collection-museo-nacional-thyssen-bornemisza-es","7":"product_collection-museo-nacional-thyssen-bornemisza-en","8":"product_cat-neoseries-de-museo","9":"product_cat-arte","10":"product_cat-museum-neoseries","11":"product_shipping_class-museum-neoseries-en","12":"entry","14":"first","15":"instock","16":"taxable","17":"shipping-taxable","18":"product-type-variable","19":"has-default-attributes"},"acf":[],"_links":{"self":[{"href":"https:\/\/www.santacole.com\/es\/wp-json\/wp\/v2\/product\/69499","targetHints":{"allow":["GET"]}}],"collection":[{"href":"https:\/\/www.santacole.com\/es\/wp-json\/wp\/v2\/product"}],"about":[{"href":"https:\/\/www.santacole.com\/es\/wp-json\/wp\/v2\/types\/product"}],"wp:featuredmedia":[{"embeddable":true,"href":"https:\/\/www.santacole.com\/es\/wp-json\/wp\/v2\/media\/111494"}],"wp:attachment":[{"href":"https:\/\/www.santacole.com\/es\/wp-json\/wp\/v2\/media?parent=69499"}],"wp:term":[{"taxonomy":"product_collection","embeddable":true,"href":"https:\/\/www.santacole.com\/es\/wp-json\/wp\/v2\/product_collection?post=69499"},{"taxonomy":"product_family","embeddable":true,"href":"https:\/\/www.santacole.com\/es\/wp-json\/wp\/v2\/product_family?post=69499"},{"taxonomy":"product_brand","embeddable":true,"href":"https:\/\/www.santacole.com\/es\/wp-json\/wp\/v2\/product_brand?post=69499"},{"taxonomy":"product_cat","embeddable":true,"href":"https:\/\/www.santacole.com\/es\/wp-json\/wp\/v2\/product_cat?post=69499"},{"taxonomy":"product_tag","embeddable":true,"href":"https:\/\/www.santacole.com\/es\/wp-json\/wp\/v2\/product_tag?post=69499"}],"curies":[{"name":"wp","href":"https:\/\/api.w.org\/{rel}","templated":true}]}}