{"id":69453,"date":"2026-03-26T18:27:15","date_gmt":"2026-03-26T17:27:15","guid":{"rendered":"https:\/\/www.santacole.com\/en\/product\/anochecer-serie-atmosferas-N-00134\/"},"modified":"2026-03-26T18:27:25","modified_gmt":"2026-03-26T17:27:25","slug":"anochecer-serie-atmosferas-n-00134","status":"publish","type":"product","link":"https:\/\/www.santacole.com\/es\/arte\/neoseries-contemporaneas\/anochecer-serie-atmosferas-n-00134\/","title":{"rendered":"Anochecer (serie Atm\u00f3sferas)"},"content":{"rendered":"","protected":false},"excerpt":{"rendered":"<p>En\u00a0Atm\u00f3sferas, Carmen Galofr\u00e9 pinta un mismo paisaje a distintas horas, explorando con sutileza la luz y el l\u00edmite entre abstracci\u00f3n y figura.<\/p>\n","protected":false},"featured_media":118997,"template":"","meta":{"_acf_changed":false},"product_collection":[],"product_family":[],"product_brand":[],"product_cat":[378,377,376],"product_tag":[],"class_list":{"0":"post-69453","1":"product","2":"type-product","3":"status-publish","4":"has-post-thumbnail","6":"product_cat-neoseries-contemporaneas","7":"product_cat-arte","8":"product_cat-contemporary-neoseries","9":"product_shipping_class-contemporary-neoseries-en","10":"entry","12":"first","13":"instock","14":"taxable","15":"shipping-taxable","16":"product-type-simple"},"acf":[],"_links":{"self":[{"href":"https:\/\/www.santacole.com\/es\/wp-json\/wp\/v2\/product\/69453","targetHints":{"allow":["GET"]}}],"collection":[{"href":"https:\/\/www.santacole.com\/es\/wp-json\/wp\/v2\/product"}],"about":[{"href":"https:\/\/www.santacole.com\/es\/wp-json\/wp\/v2\/types\/product"}],"wp:featuredmedia":[{"embeddable":true,"href":"https:\/\/www.santacole.com\/es\/wp-json\/wp\/v2\/media\/118997"}],"wp:attachment":[{"href":"https:\/\/www.santacole.com\/es\/wp-json\/wp\/v2\/media?parent=69453"}],"wp:term":[{"taxonomy":"product_collection","embeddable":true,"href":"https:\/\/www.santacole.com\/es\/wp-json\/wp\/v2\/product_collection?post=69453"},{"taxonomy":"product_family","embeddable":true,"href":"https:\/\/www.santacole.com\/es\/wp-json\/wp\/v2\/product_family?post=69453"},{"taxonomy":"product_brand","embeddable":true,"href":"https:\/\/www.santacole.com\/es\/wp-json\/wp\/v2\/product_brand?post=69453"},{"taxonomy":"product_cat","embeddable":true,"href":"https:\/\/www.santacole.com\/es\/wp-json\/wp\/v2\/product_cat?post=69453"},{"taxonomy":"product_tag","embeddable":true,"href":"https:\/\/www.santacole.com\/es\/wp-json\/wp\/v2\/product_tag?post=69453"}],"curies":[{"name":"wp","href":"https:\/\/api.w.org\/{rel}","templated":true}]}}