{"id":69267,"date":"2026-04-30T16:07:56","date_gmt":"2026-04-30T14:07:56","guid":{"rendered":"https:\/\/www.santacole.com\/en\/product\/casa-de-joaquin-julia-i-cadaques-3113\/"},"modified":"2026-04-30T16:12:28","modified_gmt":"2026-04-30T14:12:28","slug":"casa-de-joaquin-julia-i-cadaques-n-00219","status":"publish","type":"product","link":"https:\/\/www.santacole.com\/es\/arte\/neoseries-de-archivo\/casa-de-joaquin-julia-i-cadaques-n-00219\/","title":{"rendered":"Casa de Joaqu\u00edn Juli\u00e0 I, Cadaqu\u00e9s"},"content":{"rendered":"","protected":false},"excerpt":{"rendered":"<p>Federico Correa, virtuoso del color y la perspectiva, reinterpret\u00f3 la arquitectura moderna. Las Neoseries de 24 dibujos ofrecen un recorrido pict\u00f3rico donde el color es protagonista.<\/p>\n","protected":false},"featured_media":125573,"template":"","meta":{"_acf_changed":false},"product_collection":[1487,1441],"product_family":[],"product_brand":[],"product_cat":[1566,1565,377],"product_tag":[],"class_list":{"0":"post-69267","1":"product","2":"type-product","3":"status-publish","4":"has-post-thumbnail","6":"product_collection-federico-correa-alfonso-mila-an-imagined-space-en","7":"product_collection-federico-correa-alfonso-mila-un-espacio-imaginado-es","8":"product_cat-neoseries-de-archivo","9":"product_cat-archive-neoseries","10":"product_cat-arte","11":"product_shipping_class-contemporary-neoseries-en","12":"entry","14":"first","15":"instock","16":"taxable","17":"shipping-taxable","18":"product-type-variable","19":"has-default-attributes"},"acf":[],"distributor_meta":false,"distributor_terms":false,"distributor_media":false,"distributor_original_site_name":"Santa &amp; Cole","distributor_original_site_url":"https:\/\/www.santacole.com\/es\/","push-errors":false,"_links":{"self":[{"href":"https:\/\/www.santacole.com\/es\/wp-json\/wp\/v2\/product\/69267","targetHints":{"allow":["GET"]}}],"collection":[{"href":"https:\/\/www.santacole.com\/es\/wp-json\/wp\/v2\/product"}],"about":[{"href":"https:\/\/www.santacole.com\/es\/wp-json\/wp\/v2\/types\/product"}],"wp:featuredmedia":[{"embeddable":true,"href":"https:\/\/www.santacole.com\/es\/wp-json\/wp\/v2\/media\/125573"}],"wp:attachment":[{"href":"https:\/\/www.santacole.com\/es\/wp-json\/wp\/v2\/media?parent=69267"}],"wp:term":[{"taxonomy":"product_collection","embeddable":true,"href":"https:\/\/www.santacole.com\/es\/wp-json\/wp\/v2\/product_collection?post=69267"},{"taxonomy":"product_family","embeddable":true,"href":"https:\/\/www.santacole.com\/es\/wp-json\/wp\/v2\/product_family?post=69267"},{"taxonomy":"product_brand","embeddable":true,"href":"https:\/\/www.santacole.com\/es\/wp-json\/wp\/v2\/product_brand?post=69267"},{"taxonomy":"product_cat","embeddable":true,"href":"https:\/\/www.santacole.com\/es\/wp-json\/wp\/v2\/product_cat?post=69267"},{"taxonomy":"product_tag","embeddable":true,"href":"https:\/\/www.santacole.com\/es\/wp-json\/wp\/v2\/product_tag?post=69267"}],"curies":[{"name":"wp","href":"https:\/\/api.w.org\/{rel}","templated":true}]}}