{"id":68687,"date":"2026-04-01T05:18:36","date_gmt":"2026-04-01T03:18:36","guid":{"rendered":"https:\/\/www.santacole.com\/uncategorized\/lamina-dorada-45-latpa01-2\/"},"modified":"2026-04-01T05:19:15","modified_gmt":"2026-04-01T03:19:15","slug":"lamina-dorada-45-latpa01","status":"publish","type":"product","link":"https:\/\/www.santacole.com\/es\/iluminacion\/lamparas-de-suspension\/lamina-dorada-45-latpa01\/","title":{"rendered":"L\u00e1mina Dorada 45"},"content":{"rendered":"","protected":false},"excerpt":{"rendered":"<p>Versi\u00f3n dorada y rasa de L\u00e1mina. Reflejos c\u00e1lidos y formas tot\u00e9micas con la misma placidez lum\u00ednica y dise\u00f1o modular lineal.<\/p>\n","protected":false},"featured_media":119941,"template":"","meta":{"_acf_changed":false},"product_collection":[],"product_family":[1472,1473],"product_brand":[],"product_cat":[159,41,158],"product_tag":[],"class_list":{"0":"post-68687","1":"product","2":"type-product","3":"status-publish","4":"has-post-thumbnail","6":"product_family-lamina-en","7":"product_family-lamina-es","8":"product_cat-lamparas-de-suspension","9":"product_cat-iluminacion","10":"product_cat-pendant-lamps","11":"product_shipping_class-standard-en","12":"entry","14":"first","15":"instock","16":"taxable","17":"shipping-taxable","18":"product-type-simple"},"acf":[],"_links":{"self":[{"href":"https:\/\/www.santacole.com\/es\/wp-json\/wp\/v2\/product\/68687","targetHints":{"allow":["GET"]}}],"collection":[{"href":"https:\/\/www.santacole.com\/es\/wp-json\/wp\/v2\/product"}],"about":[{"href":"https:\/\/www.santacole.com\/es\/wp-json\/wp\/v2\/types\/product"}],"wp:featuredmedia":[{"embeddable":true,"href":"https:\/\/www.santacole.com\/es\/wp-json\/wp\/v2\/media\/119941"}],"wp:attachment":[{"href":"https:\/\/www.santacole.com\/es\/wp-json\/wp\/v2\/media?parent=68687"}],"wp:term":[{"taxonomy":"product_collection","embeddable":true,"href":"https:\/\/www.santacole.com\/es\/wp-json\/wp\/v2\/product_collection?post=68687"},{"taxonomy":"product_family","embeddable":true,"href":"https:\/\/www.santacole.com\/es\/wp-json\/wp\/v2\/product_family?post=68687"},{"taxonomy":"product_brand","embeddable":true,"href":"https:\/\/www.santacole.com\/es\/wp-json\/wp\/v2\/product_brand?post=68687"},{"taxonomy":"product_cat","embeddable":true,"href":"https:\/\/www.santacole.com\/es\/wp-json\/wp\/v2\/product_cat?post=68687"},{"taxonomy":"product_tag","embeddable":true,"href":"https:\/\/www.santacole.com\/es\/wp-json\/wp\/v2\/product_tag?post=68687"}],"curies":[{"name":"wp","href":"https:\/\/api.w.org\/{rel}","templated":true}]}}