{"id":67819,"date":"2026-03-20T10:14:02","date_gmt":"2026-03-20T09:14:02","guid":{"rendered":"https:\/\/www.santacole.com\/uncategorized\/sisisi-conicas-largas-914-2\/"},"modified":"2026-03-20T15:11:05","modified_gmt":"2026-03-20T14:11:05","slug":"sisisi-conicas-largas-914","status":"publish","type":"product","link":"https:\/\/www.santacole.com\/es\/iluminacion\/lamparas-de-suspension\/sisisi-conicas-largas-914\/","title":{"rendered":"S\u00eds\u00eds\u00ed C\u00f3nicas Largas"},"content":{"rendered":"","protected":false},"excerpt":{"rendered":"<p>Conos de cartulina cosida que proyectan luz c\u00e1lida y vertical. Modelo fundacional del sistema que dio forma a una nueva modernidad.<\/p>\n","protected":false},"featured_media":107483,"template":"","meta":{"_acf_changed":false},"product_collection":[],"product_family":[1452,1453],"product_brand":[],"product_cat":[159,41,158],"product_tag":[],"class_list":{"0":"post-67819","1":"product","2":"type-product","3":"status-publish","4":"has-post-thumbnail","6":"product_family-sistema-matricial-en","7":"product_family-sistema-matricial-es","8":"product_cat-lamparas-de-suspension","9":"product_cat-iluminacion","10":"product_cat-pendant-lamps","11":"entry","13":"first","14":"instock","15":"taxable","16":"shipping-taxable","17":"product-type-variable","18":"has-default-attributes"},"acf":[],"_links":{"self":[{"href":"https:\/\/www.santacole.com\/es\/wp-json\/wp\/v2\/product\/67819","targetHints":{"allow":["GET"]}}],"collection":[{"href":"https:\/\/www.santacole.com\/es\/wp-json\/wp\/v2\/product"}],"about":[{"href":"https:\/\/www.santacole.com\/es\/wp-json\/wp\/v2\/types\/product"}],"wp:featuredmedia":[{"embeddable":true,"href":"https:\/\/www.santacole.com\/es\/wp-json\/wp\/v2\/media\/107483"}],"wp:attachment":[{"href":"https:\/\/www.santacole.com\/es\/wp-json\/wp\/v2\/media?parent=67819"}],"wp:term":[{"taxonomy":"product_collection","embeddable":true,"href":"https:\/\/www.santacole.com\/es\/wp-json\/wp\/v2\/product_collection?post=67819"},{"taxonomy":"product_family","embeddable":true,"href":"https:\/\/www.santacole.com\/es\/wp-json\/wp\/v2\/product_family?post=67819"},{"taxonomy":"product_brand","embeddable":true,"href":"https:\/\/www.santacole.com\/es\/wp-json\/wp\/v2\/product_brand?post=67819"},{"taxonomy":"product_cat","embeddable":true,"href":"https:\/\/www.santacole.com\/es\/wp-json\/wp\/v2\/product_cat?post=67819"},{"taxonomy":"product_tag","embeddable":true,"href":"https:\/\/www.santacole.com\/es\/wp-json\/wp\/v2\/product_tag?post=67819"}],"curies":[{"name":"wp","href":"https:\/\/api.w.org\/{rel}","templated":true}]}}