{"id":67809,"date":"2026-04-22T17:11:36","date_gmt":"2026-04-22T15:11:36","guid":{"rendered":"https:\/\/www.santacole.com\/uncategorized\/sisisi-conicas-largas-386-2\/"},"modified":"2026-04-22T17:13:11","modified_gmt":"2026-04-22T15:13:11","slug":"sisisi-conicas-largas-386","status":"publish","type":"product","link":"https:\/\/www.santacole.com\/es\/iluminacion\/lamparas-de-suspension\/sisisi-conicas-largas-386\/","title":{"rendered":"S\u00eds\u00eds\u00ed C\u00f3nicas Largas"},"content":{"rendered":"","protected":false},"excerpt":{"rendered":"<p>Conos de cartulina cosida que proyectan luz c\u00e1lida y vertical. Modelo fundacional del sistema que dio forma a una nueva modernidad.<\/p>\n","protected":false},"featured_media":121839,"template":"","meta":{"_acf_changed":false},"product_collection":[],"product_family":[1453],"product_brand":[],"product_cat":[159,41],"product_tag":[],"class_list":{"0":"post-67809","1":"product","2":"type-product","3":"status-publish","4":"has-post-thumbnail","6":"product_family-sistema-matricial-es","7":"product_cat-lamparas-de-suspension","8":"product_cat-iluminacion","9":"entry","11":"first","12":"instock","13":"taxable","14":"shipping-taxable","15":"product-type-variable","16":"has-default-attributes"},"acf":[],"_links":{"self":[{"href":"https:\/\/www.santacole.com\/es\/wp-json\/wp\/v2\/product\/67809","targetHints":{"allow":["GET"]}}],"collection":[{"href":"https:\/\/www.santacole.com\/es\/wp-json\/wp\/v2\/product"}],"about":[{"href":"https:\/\/www.santacole.com\/es\/wp-json\/wp\/v2\/types\/product"}],"wp:featuredmedia":[{"embeddable":true,"href":"https:\/\/www.santacole.com\/es\/wp-json\/wp\/v2\/media\/121839"}],"wp:attachment":[{"href":"https:\/\/www.santacole.com\/es\/wp-json\/wp\/v2\/media?parent=67809"}],"wp:term":[{"taxonomy":"product_collection","embeddable":true,"href":"https:\/\/www.santacole.com\/es\/wp-json\/wp\/v2\/product_collection?post=67809"},{"taxonomy":"product_family","embeddable":true,"href":"https:\/\/www.santacole.com\/es\/wp-json\/wp\/v2\/product_family?post=67809"},{"taxonomy":"product_brand","embeddable":true,"href":"https:\/\/www.santacole.com\/es\/wp-json\/wp\/v2\/product_brand?post=67809"},{"taxonomy":"product_cat","embeddable":true,"href":"https:\/\/www.santacole.com\/es\/wp-json\/wp\/v2\/product_cat?post=67809"},{"taxonomy":"product_tag","embeddable":true,"href":"https:\/\/www.santacole.com\/es\/wp-json\/wp\/v2\/product_tag?post=67809"}],"curies":[{"name":"wp","href":"https:\/\/api.w.org\/{rel}","templated":true}]}}