{"id":67048,"date":"2026-03-25T11:35:58","date_gmt":"2026-03-25T10:35:58","guid":{"rendered":"https:\/\/www.santacole.com\/uncategorized\/maija-maisa01-2\/"},"modified":"2026-03-25T11:36:21","modified_gmt":"2026-03-25T10:36:21","slug":"maija-maisa01","status":"publish","type":"product","link":"https:\/\/www.santacole.com\/es\/iluminacion\/lamparas-de-pie\/maija-maisa01\/","title":{"rendered":"Maija"},"content":{"rendered":"","protected":false},"excerpt":{"rendered":"<p>Dos cl\u00e1sicos: el dise\u00f1o n\u00f3rdico de Tapiovaara y la abeja animada. De dentro hacia fuera, una torre de platillos irradia la luz de un luminoso panal.<\/p>\n","protected":false},"featured_media":109438,"template":"","meta":{"_acf_changed":false},"product_collection":[],"product_family":[1468,1469],"product_brand":[],"product_cat":[161,160,41],"product_tag":[],"class_list":{"0":"post-67048","1":"product","2":"type-product","3":"status-publish","4":"has-post-thumbnail","6":"product_family-maija-en","7":"product_family-maija-es","8":"product_cat-lamparas-de-pie","9":"product_cat-floor-lamps","10":"product_cat-iluminacion","11":"product_shipping_class-standard-en","12":"entry","14":"first","15":"instock","16":"taxable","17":"shipping-taxable","18":"product-type-simple"},"acf":[],"_links":{"self":[{"href":"https:\/\/www.santacole.com\/es\/wp-json\/wp\/v2\/product\/67048","targetHints":{"allow":["GET"]}}],"collection":[{"href":"https:\/\/www.santacole.com\/es\/wp-json\/wp\/v2\/product"}],"about":[{"href":"https:\/\/www.santacole.com\/es\/wp-json\/wp\/v2\/types\/product"}],"wp:featuredmedia":[{"embeddable":true,"href":"https:\/\/www.santacole.com\/es\/wp-json\/wp\/v2\/media\/109438"}],"wp:attachment":[{"href":"https:\/\/www.santacole.com\/es\/wp-json\/wp\/v2\/media?parent=67048"}],"wp:term":[{"taxonomy":"product_collection","embeddable":true,"href":"https:\/\/www.santacole.com\/es\/wp-json\/wp\/v2\/product_collection?post=67048"},{"taxonomy":"product_family","embeddable":true,"href":"https:\/\/www.santacole.com\/es\/wp-json\/wp\/v2\/product_family?post=67048"},{"taxonomy":"product_brand","embeddable":true,"href":"https:\/\/www.santacole.com\/es\/wp-json\/wp\/v2\/product_brand?post=67048"},{"taxonomy":"product_cat","embeddable":true,"href":"https:\/\/www.santacole.com\/es\/wp-json\/wp\/v2\/product_cat?post=67048"},{"taxonomy":"product_tag","embeddable":true,"href":"https:\/\/www.santacole.com\/es\/wp-json\/wp\/v2\/product_tag?post=67048"}],"curies":[{"name":"wp","href":"https:\/\/api.w.org\/{rel}","templated":true}]}}