{"id":67031,"date":"2026-03-20T12:26:51","date_gmt":"2026-03-20T11:26:51","guid":{"rendered":"https:\/\/www.santacole.com\/uncategorized\/maija-maipb01-2\/"},"modified":"2026-03-20T12:27:50","modified_gmt":"2026-03-20T11:27:50","slug":"maija-maipb01","status":"publish","type":"product","link":"https:\/\/www.santacole.com\/es\/iluminacion\/lamparas-de-suspension\/maija-maipb01\/","title":{"rendered":"Maija"},"content":{"rendered":"","protected":false},"excerpt":{"rendered":"<p>Dos cl\u00e1sicos: el dise\u00f1o n\u00f3rdico de Tapiovaara y la abeja animada. De dentro hacia fuera, una torre de platillos irradia la luz de un luminoso panal.<\/p>\n","protected":false},"featured_media":114039,"template":"","meta":{"_acf_changed":false},"product_collection":[],"product_family":[1468,1469],"product_brand":[],"product_cat":[159,41,158],"product_tag":[],"class_list":{"0":"post-67031","1":"product","2":"type-product","3":"status-publish","4":"has-post-thumbnail","6":"product_family-maija-en","7":"product_family-maija-es","8":"product_cat-lamparas-de-suspension","9":"product_cat-iluminacion","10":"product_cat-pendant-lamps","11":"product_shipping_class-standard-en","12":"entry","14":"first","15":"instock","16":"taxable","17":"shipping-taxable","18":"product-type-simple"},"acf":[],"_links":{"self":[{"href":"https:\/\/www.santacole.com\/es\/wp-json\/wp\/v2\/product\/67031","targetHints":{"allow":["GET"]}}],"collection":[{"href":"https:\/\/www.santacole.com\/es\/wp-json\/wp\/v2\/product"}],"about":[{"href":"https:\/\/www.santacole.com\/es\/wp-json\/wp\/v2\/types\/product"}],"wp:featuredmedia":[{"embeddable":true,"href":"https:\/\/www.santacole.com\/es\/wp-json\/wp\/v2\/media\/114039"}],"wp:attachment":[{"href":"https:\/\/www.santacole.com\/es\/wp-json\/wp\/v2\/media?parent=67031"}],"wp:term":[{"taxonomy":"product_collection","embeddable":true,"href":"https:\/\/www.santacole.com\/es\/wp-json\/wp\/v2\/product_collection?post=67031"},{"taxonomy":"product_family","embeddable":true,"href":"https:\/\/www.santacole.com\/es\/wp-json\/wp\/v2\/product_family?post=67031"},{"taxonomy":"product_brand","embeddable":true,"href":"https:\/\/www.santacole.com\/es\/wp-json\/wp\/v2\/product_brand?post=67031"},{"taxonomy":"product_cat","embeddable":true,"href":"https:\/\/www.santacole.com\/es\/wp-json\/wp\/v2\/product_cat?post=67031"},{"taxonomy":"product_tag","embeddable":true,"href":"https:\/\/www.santacole.com\/es\/wp-json\/wp\/v2\/product_tag?post=67031"}],"curies":[{"name":"wp","href":"https:\/\/api.w.org\/{rel}","templated":true}]}}