{"id":66387,"date":"2026-03-05T18:03:17","date_gmt":"2026-03-05T17:03:17","guid":{"rendered":"https:\/\/www.santacole.com\/en\/product\/miguel-mila-disenador-preindustrial-MIPREESPLI\/"},"modified":"2026-03-05T18:03:39","modified_gmt":"2026-03-05T17:03:39","slug":"miguel-mila-disenador-preindustrial-mipreespli","status":"publish","type":"product","link":"https:\/\/www.santacole.com\/es\/libros\/distribuciones\/miguel-mila-disenador-preindustrial-mipreespli\/","title":{"rendered":"Miguel Mil\u00e1 dise\u00f1ador preindustrial"},"content":{"rendered":"","protected":false},"excerpt":{"rendered":"<p>Un recorrido por la vida y obra de un visionario, cuyo legado humanista nos brind\u00f3 creaciones esenciales e insustituibles en el \u00e1mbito del dise\u00f1o.<\/p>\n","protected":false},"featured_media":106902,"template":"","meta":{"_acf_changed":false},"product_collection":[],"product_family":[],"product_brand":[],"product_cat":[183,176],"product_tag":[],"class_list":{"0":"post-66387","1":"product","2":"type-product","3":"status-publish","4":"has-post-thumbnail","6":"product_cat-distribuciones","7":"product_cat-libros","8":"product_shipping_class-estandar-es","9":"entry","11":"first","12":"instock","13":"taxable","14":"shipping-taxable","15":"product-type-simple"},"acf":[],"_links":{"self":[{"href":"https:\/\/www.santacole.com\/es\/wp-json\/wp\/v2\/product\/66387","targetHints":{"allow":["GET"]}}],"collection":[{"href":"https:\/\/www.santacole.com\/es\/wp-json\/wp\/v2\/product"}],"about":[{"href":"https:\/\/www.santacole.com\/es\/wp-json\/wp\/v2\/types\/product"}],"wp:featuredmedia":[{"embeddable":true,"href":"https:\/\/www.santacole.com\/es\/wp-json\/wp\/v2\/media\/106902"}],"wp:attachment":[{"href":"https:\/\/www.santacole.com\/es\/wp-json\/wp\/v2\/media?parent=66387"}],"wp:term":[{"taxonomy":"product_collection","embeddable":true,"href":"https:\/\/www.santacole.com\/es\/wp-json\/wp\/v2\/product_collection?post=66387"},{"taxonomy":"product_family","embeddable":true,"href":"https:\/\/www.santacole.com\/es\/wp-json\/wp\/v2\/product_family?post=66387"},{"taxonomy":"product_brand","embeddable":true,"href":"https:\/\/www.santacole.com\/es\/wp-json\/wp\/v2\/product_brand?post=66387"},{"taxonomy":"product_cat","embeddable":true,"href":"https:\/\/www.santacole.com\/es\/wp-json\/wp\/v2\/product_cat?post=66387"},{"taxonomy":"product_tag","embeddable":true,"href":"https:\/\/www.santacole.com\/es\/wp-json\/wp\/v2\/product_tag?post=66387"}],"curies":[{"name":"wp","href":"https:\/\/api.w.org\/{rel}","templated":true}]}}