{"id":65456,"date":"2026-04-01T05:17:57","date_gmt":"2026-04-01T03:17:57","guid":{"rendered":"https:\/\/www.santacole.com\/uncategorized\/lamina-mayor-lampf01-2\/"},"modified":"2026-04-01T05:18:36","modified_gmt":"2026-04-01T03:18:36","slug":"lamina-mayor-lampf01","status":"publish","type":"product","link":"https:\/\/www.santacole.com\/es\/iluminacion\/lamparas-de-suspension\/lamina-mayor-lampf01\/","title":{"rendered":"L\u00e1mina Mayor"},"content":{"rendered":"","protected":false},"excerpt":{"rendered":"<p>Tan larga como ancha, es la m\u00e1s imponente de la familia L\u00e1mina. Un trazo de luz reflejada que estructura e ilumina grandes espacios.<\/p>\n","protected":false},"featured_media":119930,"template":"","meta":{"_acf_changed":false},"product_collection":[],"product_family":[1472,1473],"product_brand":[],"product_cat":[159,41,158],"product_tag":[],"class_list":{"0":"post-65456","1":"product","2":"type-product","3":"status-publish","4":"has-post-thumbnail","6":"product_family-lamina-en","7":"product_family-lamina-es","8":"product_cat-lamparas-de-suspension","9":"product_cat-iluminacion","10":"product_cat-pendant-lamps","11":"product_shipping_class-standard-en","12":"entry","14":"first","15":"instock","16":"taxable","17":"shipping-taxable","18":"product-type-simple"},"acf":[],"_links":{"self":[{"href":"https:\/\/www.santacole.com\/es\/wp-json\/wp\/v2\/product\/65456","targetHints":{"allow":["GET"]}}],"collection":[{"href":"https:\/\/www.santacole.com\/es\/wp-json\/wp\/v2\/product"}],"about":[{"href":"https:\/\/www.santacole.com\/es\/wp-json\/wp\/v2\/types\/product"}],"wp:featuredmedia":[{"embeddable":true,"href":"https:\/\/www.santacole.com\/es\/wp-json\/wp\/v2\/media\/119930"}],"wp:attachment":[{"href":"https:\/\/www.santacole.com\/es\/wp-json\/wp\/v2\/media?parent=65456"}],"wp:term":[{"taxonomy":"product_collection","embeddable":true,"href":"https:\/\/www.santacole.com\/es\/wp-json\/wp\/v2\/product_collection?post=65456"},{"taxonomy":"product_family","embeddable":true,"href":"https:\/\/www.santacole.com\/es\/wp-json\/wp\/v2\/product_family?post=65456"},{"taxonomy":"product_brand","embeddable":true,"href":"https:\/\/www.santacole.com\/es\/wp-json\/wp\/v2\/product_brand?post=65456"},{"taxonomy":"product_cat","embeddable":true,"href":"https:\/\/www.santacole.com\/es\/wp-json\/wp\/v2\/product_cat?post=65456"},{"taxonomy":"product_tag","embeddable":true,"href":"https:\/\/www.santacole.com\/es\/wp-json\/wp\/v2\/product_tag?post=65456"}],"curies":[{"name":"wp","href":"https:\/\/api.w.org\/{rel}","templated":true}]}}