{"id":63324,"date":"2026-03-25T09:39:42","date_gmt":"2026-03-25T08:39:42","guid":{"rendered":"https:\/\/www.santacole.com\/uncategorized\/tekio-vertical-1472-2\/"},"modified":"2026-03-25T09:48:11","modified_gmt":"2026-03-25T08:48:11","slug":"tekio-vertical-1472","status":"publish","type":"product","link":"https:\/\/www.santacole.com\/es\/iluminacion\/lamparas-de-suspension\/tekio-vertical-1472\/","title":{"rendered":"Teki\u00f2 Vertical"},"content":{"rendered":"","protected":false},"excerpt":{"rendered":"<p>Soluci\u00f3n escult\u00f3rica y modular, hasta cuatro secciones combinables, para ba\u00f1ar de luz uniforme y regulable espacios de gran altura.<\/p>\n","protected":false},"featured_media":110529,"template":"","meta":{"_acf_changed":false},"product_collection":[],"product_family":[1471],"product_brand":[],"product_cat":[159,41],"product_tag":[],"class_list":{"0":"post-63324","1":"product","2":"type-product","3":"status-publish","4":"has-post-thumbnail","6":"product_family-tekio-es","7":"product_cat-lamparas-de-suspension","8":"product_cat-iluminacion","9":"entry","11":"first","12":"instock","13":"taxable","14":"shipping-taxable","15":"product-type-variable","16":"has-default-attributes"},"acf":[],"_links":{"self":[{"href":"https:\/\/www.santacole.com\/es\/wp-json\/wp\/v2\/product\/63324","targetHints":{"allow":["GET"]}}],"collection":[{"href":"https:\/\/www.santacole.com\/es\/wp-json\/wp\/v2\/product"}],"about":[{"href":"https:\/\/www.santacole.com\/es\/wp-json\/wp\/v2\/types\/product"}],"wp:featuredmedia":[{"embeddable":true,"href":"https:\/\/www.santacole.com\/es\/wp-json\/wp\/v2\/media\/110529"}],"wp:attachment":[{"href":"https:\/\/www.santacole.com\/es\/wp-json\/wp\/v2\/media?parent=63324"}],"wp:term":[{"taxonomy":"product_collection","embeddable":true,"href":"https:\/\/www.santacole.com\/es\/wp-json\/wp\/v2\/product_collection?post=63324"},{"taxonomy":"product_family","embeddable":true,"href":"https:\/\/www.santacole.com\/es\/wp-json\/wp\/v2\/product_family?post=63324"},{"taxonomy":"product_brand","embeddable":true,"href":"https:\/\/www.santacole.com\/es\/wp-json\/wp\/v2\/product_brand?post=63324"},{"taxonomy":"product_cat","embeddable":true,"href":"https:\/\/www.santacole.com\/es\/wp-json\/wp\/v2\/product_cat?post=63324"},{"taxonomy":"product_tag","embeddable":true,"href":"https:\/\/www.santacole.com\/es\/wp-json\/wp\/v2\/product_tag?post=63324"}],"curies":[{"name":"wp","href":"https:\/\/api.w.org\/{rel}","templated":true}]}}