{"id":50173,"date":"2026-03-23T10:24:04","date_gmt":"2026-03-23T09:24:04","guid":{"rendered":"https:\/\/www.santacole.com\/en\/product\/estadio-baliza-1713\/"},"modified":"2026-03-23T10:25:28","modified_gmt":"2026-03-23T09:25:28","slug":"estadio-baliza-1713","status":"publish","type":"product","link":"https:\/\/www.santacole.com\/es\/iluminacion\/exterior\/estadio-baliza-1713\/","title":{"rendered":"Estadio Baliza"},"content":{"rendered":"","protected":false},"excerpt":{"rendered":"<p>Una baliza cil\u00edndrica con vidrio pav\u00e9s que emite una luz precisa y aut\u00f3noma para trazar recorridos en exteriores.<\/p>\n","protected":false},"featured_media":117399,"template":"","meta":{"_acf_changed":false},"product_collection":[],"product_family":[1463],"product_brand":[],"product_cat":[169,41],"product_tag":[],"class_list":{"0":"post-50173","1":"product","2":"type-product","3":"status-publish","4":"has-post-thumbnail","6":"product_family-estadio-es","7":"product_cat-exterior","8":"product_cat-iluminacion","9":"entry","11":"first","12":"instock","13":"taxable","14":"shipping-taxable","15":"product-type-variable","16":"has-default-attributes"},"acf":[],"_links":{"self":[{"href":"https:\/\/www.santacole.com\/es\/wp-json\/wp\/v2\/product\/50173","targetHints":{"allow":["GET"]}}],"collection":[{"href":"https:\/\/www.santacole.com\/es\/wp-json\/wp\/v2\/product"}],"about":[{"href":"https:\/\/www.santacole.com\/es\/wp-json\/wp\/v2\/types\/product"}],"wp:featuredmedia":[{"embeddable":true,"href":"https:\/\/www.santacole.com\/es\/wp-json\/wp\/v2\/media\/117399"}],"wp:attachment":[{"href":"https:\/\/www.santacole.com\/es\/wp-json\/wp\/v2\/media?parent=50173"}],"wp:term":[{"taxonomy":"product_collection","embeddable":true,"href":"https:\/\/www.santacole.com\/es\/wp-json\/wp\/v2\/product_collection?post=50173"},{"taxonomy":"product_family","embeddable":true,"href":"https:\/\/www.santacole.com\/es\/wp-json\/wp\/v2\/product_family?post=50173"},{"taxonomy":"product_brand","embeddable":true,"href":"https:\/\/www.santacole.com\/es\/wp-json\/wp\/v2\/product_brand?post=50173"},{"taxonomy":"product_cat","embeddable":true,"href":"https:\/\/www.santacole.com\/es\/wp-json\/wp\/v2\/product_cat?post=50173"},{"taxonomy":"product_tag","embeddable":true,"href":"https:\/\/www.santacole.com\/es\/wp-json\/wp\/v2\/product_tag?post=50173"}],"curies":[{"name":"wp","href":"https:\/\/api.w.org\/{rel}","templated":true}]}}