{"id":19741,"date":"2026-04-01T05:15:49","date_gmt":"2026-04-01T03:15:49","guid":{"rendered":"https:\/\/www.santacole.com\/product\/lamina-dorada-45-LATWA01"},"modified":"2026-04-01T05:16:41","modified_gmt":"2026-04-01T03:16:41","slug":"lamina-dorada-45-latwa01","status":"publish","type":"product","link":"https:\/\/www.santacole.com\/es\/iluminacion\/apliques\/lamina-dorada-45-latwa01\/","title":{"rendered":"L\u00e1mina Dorada 45"},"content":{"rendered":"","protected":false},"excerpt":{"rendered":"<p>Versi\u00f3n dorada y rasa de L\u00e1mina. Reflejos c\u00e1lidos y formas tot\u00e9micas con la misma placidez lum\u00ednica y dise\u00f1o modular lineal.<\/p>\n","protected":false},"featured_media":119886,"template":"","meta":{"_acf_changed":false},"product_collection":[],"product_family":[1473],"product_brand":[],"product_cat":[141,41],"product_tag":[],"class_list":{"0":"post-19741","1":"product","2":"type-product","3":"status-publish","4":"has-post-thumbnail","6":"product_family-lamina-es","7":"product_cat-apliques","8":"product_cat-iluminacion","9":"product_shipping_class-standard-en","10":"entry","12":"first","13":"instock","14":"taxable","15":"shipping-taxable","16":"product-type-simple"},"acf":[],"distributor_meta":false,"distributor_terms":false,"distributor_media":false,"distributor_original_site_name":"Santa &amp; Cole","distributor_original_site_url":"https:\/\/www.santacole.com\/es\/","push-errors":false,"_links":{"self":[{"href":"https:\/\/www.santacole.com\/es\/wp-json\/wp\/v2\/product\/19741","targetHints":{"allow":["GET"]}}],"collection":[{"href":"https:\/\/www.santacole.com\/es\/wp-json\/wp\/v2\/product"}],"about":[{"href":"https:\/\/www.santacole.com\/es\/wp-json\/wp\/v2\/types\/product"}],"wp:featuredmedia":[{"embeddable":true,"href":"https:\/\/www.santacole.com\/es\/wp-json\/wp\/v2\/media\/119886"}],"wp:attachment":[{"href":"https:\/\/www.santacole.com\/es\/wp-json\/wp\/v2\/media?parent=19741"}],"wp:term":[{"taxonomy":"product_collection","embeddable":true,"href":"https:\/\/www.santacole.com\/es\/wp-json\/wp\/v2\/product_collection?post=19741"},{"taxonomy":"product_family","embeddable":true,"href":"https:\/\/www.santacole.com\/es\/wp-json\/wp\/v2\/product_family?post=19741"},{"taxonomy":"product_brand","embeddable":true,"href":"https:\/\/www.santacole.com\/es\/wp-json\/wp\/v2\/product_brand?post=19741"},{"taxonomy":"product_cat","embeddable":true,"href":"https:\/\/www.santacole.com\/es\/wp-json\/wp\/v2\/product_cat?post=19741"},{"taxonomy":"product_tag","embeddable":true,"href":"https:\/\/www.santacole.com\/es\/wp-json\/wp\/v2\/product_tag?post=19741"}],"curies":[{"name":"wp","href":"https:\/\/api.w.org\/{rel}","templated":true}]}}