{"id":19637,"date":"2026-03-25T11:38:12","date_gmt":"2026-03-25T10:38:12","guid":{"rendered":"https:\/\/www.santacole.com\/product\/lamina-165-LAMSE01"},"modified":"2026-03-25T11:38:50","modified_gmt":"2026-03-25T10:38:50","slug":"lamina-165-lamse01","status":"publish","type":"product","link":"https:\/\/www.santacole.com\/es\/iluminacion\/lamparas-de-pie\/lamina-165-lamse01\/","title":{"rendered":"L\u00e1mina 165"},"content":{"rendered":"","protected":false},"excerpt":{"rendered":"<p>La m\u00e1s esbelta de la familia L\u00e1mina, erguida como escultura lum\u00ednica, refleja la luz con la misma suavidad de su arco, siempre sin deslumbrar.<\/p>\n","protected":false},"featured_media":118492,"template":"","meta":{"_acf_changed":false},"product_collection":[],"product_family":[1473],"product_brand":[],"product_cat":[161,41],"product_tag":[],"class_list":{"0":"post-19637","1":"product","2":"type-product","3":"status-publish","4":"has-post-thumbnail","6":"product_family-lamina-es","7":"product_cat-lamparas-de-pie","8":"product_cat-iluminacion","9":"product_shipping_class-standard-en","10":"entry","12":"first","13":"instock","14":"taxable","15":"shipping-taxable","16":"product-type-simple"},"acf":[],"_links":{"self":[{"href":"https:\/\/www.santacole.com\/es\/wp-json\/wp\/v2\/product\/19637","targetHints":{"allow":["GET"]}}],"collection":[{"href":"https:\/\/www.santacole.com\/es\/wp-json\/wp\/v2\/product"}],"about":[{"href":"https:\/\/www.santacole.com\/es\/wp-json\/wp\/v2\/types\/product"}],"wp:featuredmedia":[{"embeddable":true,"href":"https:\/\/www.santacole.com\/es\/wp-json\/wp\/v2\/media\/118492"}],"wp:attachment":[{"href":"https:\/\/www.santacole.com\/es\/wp-json\/wp\/v2\/media?parent=19637"}],"wp:term":[{"taxonomy":"product_collection","embeddable":true,"href":"https:\/\/www.santacole.com\/es\/wp-json\/wp\/v2\/product_collection?post=19637"},{"taxonomy":"product_family","embeddable":true,"href":"https:\/\/www.santacole.com\/es\/wp-json\/wp\/v2\/product_family?post=19637"},{"taxonomy":"product_brand","embeddable":true,"href":"https:\/\/www.santacole.com\/es\/wp-json\/wp\/v2\/product_brand?post=19637"},{"taxonomy":"product_cat","embeddable":true,"href":"https:\/\/www.santacole.com\/es\/wp-json\/wp\/v2\/product_cat?post=19637"},{"taxonomy":"product_tag","embeddable":true,"href":"https:\/\/www.santacole.com\/es\/wp-json\/wp\/v2\/product_tag?post=19637"}],"curies":[{"name":"wp","href":"https:\/\/api.w.org\/{rel}","templated":true}]}}