{"id":19295,"date":"2026-03-23T10:47:13","date_gmt":"2026-03-23T09:47:13","guid":{"rendered":"https:\/\/www.santacole.com\/product\/estadio-singular-629"},"modified":"2026-03-23T10:50:12","modified_gmt":"2026-03-23T09:50:12","slug":"estadio-singular-629","status":"publish","type":"product","link":"https:\/\/www.santacole.com\/es\/iluminacion\/apliques\/estadio-singular-629\/","title":{"rendered":"Estadio Singular"},"content":{"rendered":"","protected":false},"excerpt":{"rendered":"<p>Estadio evoluciona del aro a una simple columna de vidrio pav\u00e9s: un aplique exterior s\u00f3lido que marca y acompa\u00f1a el paso.<\/p>\n","protected":false},"featured_media":117330,"template":"","meta":{"_acf_changed":false},"product_collection":[],"product_family":[1463],"product_brand":[],"product_cat":[141,169,41],"product_tag":[],"class_list":{"0":"post-19295","1":"product","2":"type-product","3":"status-publish","4":"has-post-thumbnail","6":"product_family-estadio-es","7":"product_cat-apliques","8":"product_cat-exterior","9":"product_cat-iluminacion","10":"entry","12":"first","13":"instock","14":"taxable","15":"shipping-taxable","16":"product-type-variable","17":"has-default-attributes"},"acf":[],"_links":{"self":[{"href":"https:\/\/www.santacole.com\/es\/wp-json\/wp\/v2\/product\/19295","targetHints":{"allow":["GET"]}}],"collection":[{"href":"https:\/\/www.santacole.com\/es\/wp-json\/wp\/v2\/product"}],"about":[{"href":"https:\/\/www.santacole.com\/es\/wp-json\/wp\/v2\/types\/product"}],"wp:featuredmedia":[{"embeddable":true,"href":"https:\/\/www.santacole.com\/es\/wp-json\/wp\/v2\/media\/117330"}],"wp:attachment":[{"href":"https:\/\/www.santacole.com\/es\/wp-json\/wp\/v2\/media?parent=19295"}],"wp:term":[{"taxonomy":"product_collection","embeddable":true,"href":"https:\/\/www.santacole.com\/es\/wp-json\/wp\/v2\/product_collection?post=19295"},{"taxonomy":"product_family","embeddable":true,"href":"https:\/\/www.santacole.com\/es\/wp-json\/wp\/v2\/product_family?post=19295"},{"taxonomy":"product_brand","embeddable":true,"href":"https:\/\/www.santacole.com\/es\/wp-json\/wp\/v2\/product_brand?post=19295"},{"taxonomy":"product_cat","embeddable":true,"href":"https:\/\/www.santacole.com\/es\/wp-json\/wp\/v2\/product_cat?post=19295"},{"taxonomy":"product_tag","embeddable":true,"href":"https:\/\/www.santacole.com\/es\/wp-json\/wp\/v2\/product_tag?post=19295"}],"curies":[{"name":"wp","href":"https:\/\/api.w.org\/{rel}","templated":true}]}}