{"id":19217,"date":"2026-03-25T10:37:44","date_gmt":"2026-03-25T09:37:44","guid":{"rendered":"https:\/\/www.santacole.com\/product\/cesta-exterior-605"},"modified":"2026-03-25T10:42:04","modified_gmt":"2026-03-25T09:42:04","slug":"cesta-exterior-605","status":"publish","type":"product","link":"https:\/\/www.santacole.com\/es\/iluminacion\/exterior\/cesta-exterior-605\/","title":{"rendered":"Cesta Exterior"},"content":{"rendered":"","protected":false},"excerpt":{"rendered":"<p>La versi\u00f3n exterior de Cesta, siempre sobria, est\u00e1 preparada para resistir con su estructura de aluminio y grado de protecci\u00f3n IP65.<\/p>\n","protected":false},"featured_media":108765,"template":"","meta":{"_acf_changed":false},"product_collection":[],"product_family":[1465],"product_brand":[],"product_cat":[169,41,42],"product_tag":[],"class_list":{"0":"post-19217","1":"product","2":"type-product","3":"status-publish","4":"has-post-thumbnail","6":"product_family-cesta-es","7":"product_cat-exterior","8":"product_cat-iluminacion","9":"product_cat-lamparas-de-sobremesa","10":"entry","12":"first","13":"instock","14":"taxable","15":"shipping-taxable","16":"product-type-variable","17":"has-default-attributes"},"acf":[],"distributor_meta":false,"distributor_terms":false,"distributor_media":false,"distributor_original_site_name":"Santa &amp; Cole","distributor_original_site_url":"https:\/\/www.santacole.com\/es\/","push-errors":false,"_links":{"self":[{"href":"https:\/\/www.santacole.com\/es\/wp-json\/wp\/v2\/product\/19217","targetHints":{"allow":["GET"]}}],"collection":[{"href":"https:\/\/www.santacole.com\/es\/wp-json\/wp\/v2\/product"}],"about":[{"href":"https:\/\/www.santacole.com\/es\/wp-json\/wp\/v2\/types\/product"}],"wp:featuredmedia":[{"embeddable":true,"href":"https:\/\/www.santacole.com\/es\/wp-json\/wp\/v2\/media\/108765"}],"wp:attachment":[{"href":"https:\/\/www.santacole.com\/es\/wp-json\/wp\/v2\/media?parent=19217"}],"wp:term":[{"taxonomy":"product_collection","embeddable":true,"href":"https:\/\/www.santacole.com\/es\/wp-json\/wp\/v2\/product_collection?post=19217"},{"taxonomy":"product_family","embeddable":true,"href":"https:\/\/www.santacole.com\/es\/wp-json\/wp\/v2\/product_family?post=19217"},{"taxonomy":"product_brand","embeddable":true,"href":"https:\/\/www.santacole.com\/es\/wp-json\/wp\/v2\/product_brand?post=19217"},{"taxonomy":"product_cat","embeddable":true,"href":"https:\/\/www.santacole.com\/es\/wp-json\/wp\/v2\/product_cat?post=19217"},{"taxonomy":"product_tag","embeddable":true,"href":"https:\/\/www.santacole.com\/es\/wp-json\/wp\/v2\/product_tag?post=19217"}],"curies":[{"name":"wp","href":"https:\/\/api.w.org\/{rel}","templated":true}]}}