{"id":18737,"date":"2026-04-01T05:13:50","date_gmt":"2026-04-01T03:13:50","guid":{"rendered":"https:\/\/www.santacole.com\/product\/cestita-alubat-583"},"modified":"2026-04-01T05:23:42","modified_gmt":"2026-04-01T03:23:42","slug":"cestita-alubat-583","status":"publish","type":"product","link":"https:\/\/www.santacole.com\/es\/iluminacion\/exterior\/cestita-alubat-583\/","title":{"rendered":"Cestita Alubat"},"content":{"rendered":"","protected":false},"excerpt":{"rendered":"<p>S\u00f3lida pero liviana, Cestita Alubat est\u00e1 lista para excursiones dentro o fuera, gracias a su resistencia y c\u00f3modo manejo.<\/p>\n","protected":false},"featured_media":119824,"template":"","meta":{"_acf_changed":false},"product_collection":[],"product_family":[1465],"product_brand":[],"product_cat":[169,43,41,42],"product_tag":[],"class_list":{"0":"post-18737","1":"product","2":"type-product","3":"status-publish","4":"has-post-thumbnail","6":"product_family-cesta-es","7":"product_cat-exterior","8":"product_cat-bateria","9":"product_cat-iluminacion","10":"product_cat-lamparas-de-sobremesa","11":"entry","13":"first","14":"instock","15":"featured","16":"taxable","17":"shipping-taxable","18":"product-type-variable","19":"has-default-attributes"},"acf":[],"_links":{"self":[{"href":"https:\/\/www.santacole.com\/es\/wp-json\/wp\/v2\/product\/18737","targetHints":{"allow":["GET"]}}],"collection":[{"href":"https:\/\/www.santacole.com\/es\/wp-json\/wp\/v2\/product"}],"about":[{"href":"https:\/\/www.santacole.com\/es\/wp-json\/wp\/v2\/types\/product"}],"wp:featuredmedia":[{"embeddable":true,"href":"https:\/\/www.santacole.com\/es\/wp-json\/wp\/v2\/media\/119824"}],"wp:attachment":[{"href":"https:\/\/www.santacole.com\/es\/wp-json\/wp\/v2\/media?parent=18737"}],"wp:term":[{"taxonomy":"product_collection","embeddable":true,"href":"https:\/\/www.santacole.com\/es\/wp-json\/wp\/v2\/product_collection?post=18737"},{"taxonomy":"product_family","embeddable":true,"href":"https:\/\/www.santacole.com\/es\/wp-json\/wp\/v2\/product_family?post=18737"},{"taxonomy":"product_brand","embeddable":true,"href":"https:\/\/www.santacole.com\/es\/wp-json\/wp\/v2\/product_brand?post=18737"},{"taxonomy":"product_cat","embeddable":true,"href":"https:\/\/www.santacole.com\/es\/wp-json\/wp\/v2\/product_cat?post=18737"},{"taxonomy":"product_tag","embeddable":true,"href":"https:\/\/www.santacole.com\/es\/wp-json\/wp\/v2\/product_tag?post=18737"}],"curies":[{"name":"wp","href":"https:\/\/api.w.org\/{rel}","templated":true}]}}