{"id":18721,"date":"2026-03-23T10:44:34","date_gmt":"2026-03-23T09:44:34","guid":{"rendered":"https:\/\/www.santacole.com\/product\/amigo-AMIOA01"},"modified":"2026-03-23T10:44:56","modified_gmt":"2026-03-23T09:44:56","slug":"amigo-amioa01","status":"publish","type":"product","link":"https:\/\/www.santacole.com\/es\/iluminacion\/apliques\/amigo-amioa01\/","title":{"rendered":"Amigo"},"content":{"rendered":"","protected":false},"excerpt":{"rendered":"<p>Anillo luminoso de l\u00edneas puras, discreto y vers\u00e1til. En pared o techo, interior o exterior. Una lecci\u00f3n de simplicidad sin concesiones.<\/p>\n","protected":false},"featured_media":117271,"template":"","meta":{"_acf_changed":false},"product_collection":[],"product_family":[],"product_brand":[],"product_cat":[141,169,41],"product_tag":[],"class_list":{"0":"post-18721","1":"product","2":"type-product","3":"status-publish","4":"has-post-thumbnail","6":"product_cat-apliques","7":"product_cat-exterior","8":"product_cat-iluminacion","9":"product_shipping_class-standard-en","10":"entry","12":"first","13":"instock","14":"taxable","15":"shipping-taxable","16":"product-type-simple"},"acf":[],"_links":{"self":[{"href":"https:\/\/www.santacole.com\/es\/wp-json\/wp\/v2\/product\/18721","targetHints":{"allow":["GET"]}}],"collection":[{"href":"https:\/\/www.santacole.com\/es\/wp-json\/wp\/v2\/product"}],"about":[{"href":"https:\/\/www.santacole.com\/es\/wp-json\/wp\/v2\/types\/product"}],"wp:featuredmedia":[{"embeddable":true,"href":"https:\/\/www.santacole.com\/es\/wp-json\/wp\/v2\/media\/117271"}],"wp:attachment":[{"href":"https:\/\/www.santacole.com\/es\/wp-json\/wp\/v2\/media?parent=18721"}],"wp:term":[{"taxonomy":"product_collection","embeddable":true,"href":"https:\/\/www.santacole.com\/es\/wp-json\/wp\/v2\/product_collection?post=18721"},{"taxonomy":"product_family","embeddable":true,"href":"https:\/\/www.santacole.com\/es\/wp-json\/wp\/v2\/product_family?post=18721"},{"taxonomy":"product_brand","embeddable":true,"href":"https:\/\/www.santacole.com\/es\/wp-json\/wp\/v2\/product_brand?post=18721"},{"taxonomy":"product_cat","embeddable":true,"href":"https:\/\/www.santacole.com\/es\/wp-json\/wp\/v2\/product_cat?post=18721"},{"taxonomy":"product_tag","embeddable":true,"href":"https:\/\/www.santacole.com\/es\/wp-json\/wp\/v2\/product_tag?post=18721"}],"curies":[{"name":"wp","href":"https:\/\/api.w.org\/{rel}","templated":true}]}}