{"id":18549,"date":"2026-03-25T10:33:06","date_gmt":"2026-03-25T09:33:06","guid":{"rendered":"https:\/\/www.santacole.com\/product\/tatu-561"},"modified":"2026-03-25T10:42:03","modified_gmt":"2026-03-25T09:42:03","slug":"tatu-561","status":"publish","type":"product","link":"https:\/\/www.santacole.com\/es\/iluminacion\/lamparas-de-sobremesa\/tatu-561\/","title":{"rendered":"Tatu"},"content":{"rendered":"","protected":false},"excerpt":{"rendered":"<p>Ideada por Andr\u00e9 Ricard en un vuelo transoce\u00e1nico, esta l\u00e1mpara articulada se convirti\u00f3 en un icono pop de los 70, tan vers\u00e1til como simp\u00e1tica.<\/p>\n","protected":false},"featured_media":108619,"template":"","meta":{"_acf_changed":false},"product_collection":[],"product_family":[1477],"product_brand":[],"product_cat":[42,41],"product_tag":[],"class_list":{"0":"post-18549","1":"product","2":"type-product","3":"status-publish","4":"has-post-thumbnail","6":"product_family-tatu-es","7":"product_cat-lamparas-de-sobremesa","8":"product_cat-iluminacion","9":"entry","11":"first","12":"instock","13":"taxable","14":"shipping-taxable","15":"product-type-variable","16":"has-default-attributes"},"acf":[],"_links":{"self":[{"href":"https:\/\/www.santacole.com\/es\/wp-json\/wp\/v2\/product\/18549","targetHints":{"allow":["GET"]}}],"collection":[{"href":"https:\/\/www.santacole.com\/es\/wp-json\/wp\/v2\/product"}],"about":[{"href":"https:\/\/www.santacole.com\/es\/wp-json\/wp\/v2\/types\/product"}],"wp:featuredmedia":[{"embeddable":true,"href":"https:\/\/www.santacole.com\/es\/wp-json\/wp\/v2\/media\/108619"}],"wp:attachment":[{"href":"https:\/\/www.santacole.com\/es\/wp-json\/wp\/v2\/media?parent=18549"}],"wp:term":[{"taxonomy":"product_collection","embeddable":true,"href":"https:\/\/www.santacole.com\/es\/wp-json\/wp\/v2\/product_collection?post=18549"},{"taxonomy":"product_family","embeddable":true,"href":"https:\/\/www.santacole.com\/es\/wp-json\/wp\/v2\/product_family?post=18549"},{"taxonomy":"product_brand","embeddable":true,"href":"https:\/\/www.santacole.com\/es\/wp-json\/wp\/v2\/product_brand?post=18549"},{"taxonomy":"product_cat","embeddable":true,"href":"https:\/\/www.santacole.com\/es\/wp-json\/wp\/v2\/product_cat?post=18549"},{"taxonomy":"product_tag","embeddable":true,"href":"https:\/\/www.santacole.com\/es\/wp-json\/wp\/v2\/product_tag?post=18549"}],"curies":[{"name":"wp","href":"https:\/\/api.w.org\/{rel}","templated":true}]}}