{"id":18299,"date":"2026-03-25T09:34:23","date_gmt":"2026-03-25T08:34:23","guid":{"rendered":"https:\/\/www.santacole.com\/product\/tekio-circular-1526"},"modified":"2026-03-25T09:48:09","modified_gmt":"2026-03-25T08:48:09","slug":"tekio-circular-1526","status":"publish","type":"product","link":"https:\/\/www.santacole.com\/es\/iluminacion\/lamparas-de-suspension\/tekio-circular-1526\/","title":{"rendered":"Teki\u00f2 Circular"},"content":{"rendered":"","protected":false},"excerpt":{"rendered":"<p>En sus tres tama\u00f1os, esta l\u00e1mpara circular de papel Washi ofrece luz envolvente con elegancia contenida y personalidad justa.<\/p>\n","protected":false},"featured_media":114315,"template":"","meta":{"_acf_changed":false},"product_collection":[],"product_family":[1471],"product_brand":[],"product_cat":[159,41],"product_tag":[],"class_list":{"0":"post-18299","1":"product","2":"type-product","3":"status-publish","4":"has-post-thumbnail","6":"product_family-tekio-es","7":"product_cat-lamparas-de-suspension","8":"product_cat-iluminacion","9":"entry","11":"first","12":"instock","13":"taxable","14":"shipping-taxable","15":"product-type-variable","16":"has-default-attributes"},"acf":[],"_links":{"self":[{"href":"https:\/\/www.santacole.com\/es\/wp-json\/wp\/v2\/product\/18299","targetHints":{"allow":["GET"]}}],"collection":[{"href":"https:\/\/www.santacole.com\/es\/wp-json\/wp\/v2\/product"}],"about":[{"href":"https:\/\/www.santacole.com\/es\/wp-json\/wp\/v2\/types\/product"}],"wp:featuredmedia":[{"embeddable":true,"href":"https:\/\/www.santacole.com\/es\/wp-json\/wp\/v2\/media\/114315"}],"wp:attachment":[{"href":"https:\/\/www.santacole.com\/es\/wp-json\/wp\/v2\/media?parent=18299"}],"wp:term":[{"taxonomy":"product_collection","embeddable":true,"href":"https:\/\/www.santacole.com\/es\/wp-json\/wp\/v2\/product_collection?post=18299"},{"taxonomy":"product_family","embeddable":true,"href":"https:\/\/www.santacole.com\/es\/wp-json\/wp\/v2\/product_family?post=18299"},{"taxonomy":"product_brand","embeddable":true,"href":"https:\/\/www.santacole.com\/es\/wp-json\/wp\/v2\/product_brand?post=18299"},{"taxonomy":"product_cat","embeddable":true,"href":"https:\/\/www.santacole.com\/es\/wp-json\/wp\/v2\/product_cat?post=18299"},{"taxonomy":"product_tag","embeddable":true,"href":"https:\/\/www.santacole.com\/es\/wp-json\/wp\/v2\/product_tag?post=18299"}],"curies":[{"name":"wp","href":"https:\/\/api.w.org\/{rel}","templated":true}]}}