{"id":18265,"date":"2026-03-25T10:31:54","date_gmt":"2026-03-25T09:31:54","guid":{"rendered":"https:\/\/www.santacole.com\/product\/cestita-bateria-554"},"modified":"2026-03-25T10:42:03","modified_gmt":"2026-03-25T09:42:03","slug":"cestita-bateria-554","status":"publish","type":"product","link":"https:\/\/www.santacole.com\/es\/iluminacion\/bateria\/cestita-bateria-554\/","title":{"rendered":"Cestita Bater\u00eda"},"content":{"rendered":"","protected":false},"excerpt":{"rendered":"<p>A\u00f1os m\u00e1s tarde, la tecnolog\u00eda potencia las prestaciones de la linterna mediterr\u00e1nea de Miguel Mil\u00e1: aquellas de objeto-l\u00e1mpara que acompa\u00f1a.<\/p>\n","protected":false},"featured_media":108582,"template":"","meta":{"_acf_changed":false},"product_collection":[],"product_family":[1465],"product_brand":[],"product_cat":[43,41,42],"product_tag":[],"class_list":{"0":"post-18265","1":"product","2":"type-product","3":"status-publish","4":"has-post-thumbnail","6":"product_family-cesta-es","7":"product_cat-bateria","8":"product_cat-iluminacion","9":"product_cat-lamparas-de-sobremesa","10":"entry","12":"first","13":"instock","14":"taxable","15":"shipping-taxable","16":"product-type-variable","17":"has-default-attributes"},"acf":[],"_links":{"self":[{"href":"https:\/\/www.santacole.com\/es\/wp-json\/wp\/v2\/product\/18265","targetHints":{"allow":["GET"]}}],"collection":[{"href":"https:\/\/www.santacole.com\/es\/wp-json\/wp\/v2\/product"}],"about":[{"href":"https:\/\/www.santacole.com\/es\/wp-json\/wp\/v2\/types\/product"}],"wp:featuredmedia":[{"embeddable":true,"href":"https:\/\/www.santacole.com\/es\/wp-json\/wp\/v2\/media\/108582"}],"wp:attachment":[{"href":"https:\/\/www.santacole.com\/es\/wp-json\/wp\/v2\/media?parent=18265"}],"wp:term":[{"taxonomy":"product_collection","embeddable":true,"href":"https:\/\/www.santacole.com\/es\/wp-json\/wp\/v2\/product_collection?post=18265"},{"taxonomy":"product_family","embeddable":true,"href":"https:\/\/www.santacole.com\/es\/wp-json\/wp\/v2\/product_family?post=18265"},{"taxonomy":"product_brand","embeddable":true,"href":"https:\/\/www.santacole.com\/es\/wp-json\/wp\/v2\/product_brand?post=18265"},{"taxonomy":"product_cat","embeddable":true,"href":"https:\/\/www.santacole.com\/es\/wp-json\/wp\/v2\/product_cat?post=18265"},{"taxonomy":"product_tag","embeddable":true,"href":"https:\/\/www.santacole.com\/es\/wp-json\/wp\/v2\/product_tag?post=18265"}],"curies":[{"name":"wp","href":"https:\/\/api.w.org\/{rel}","templated":true}]}}