{"id":18201,"date":"2026-03-20T12:44:43","date_gmt":"2026-03-20T11:44:43","guid":{"rendered":"https:\/\/www.santacole.com\/product\/cirio-cascada-756"},"modified":"2026-03-20T15:11:20","modified_gmt":"2026-03-20T14:11:20","slug":"cirio-cascada-756","status":"publish","type":"product","link":"https:\/\/www.santacole.com\/es\/iluminacion\/lamparas-de-suspension\/cirio-cascada-756\/","title":{"rendered":"Cirio Cascada"},"content":{"rendered":"","protected":false},"excerpt":{"rendered":"<p>Unas trenzas luminosas y decorativas para resaltar espacios de doble altura, huecos de escaleras o rincones especiales. Su fuente de luz LED permite diversidad de pantallas: desde la artesana porcelana de Sargadelos para las iluminaciones m\u00e1s admirables, pasando por el vidrio opal para una iluminaci\u00f3n m\u00e1s fuerte y econ\u00f3mica, hasta la opacidad del lat\u00f3n para una iluminaci\u00f3n focal.<\/p>\n","protected":false},"featured_media":114210,"template":"","meta":{"_acf_changed":false},"product_collection":[],"product_family":[1467],"product_brand":[],"product_cat":[159,41],"product_tag":[],"class_list":{"0":"post-18201","1":"product","2":"type-product","3":"status-publish","4":"has-post-thumbnail","6":"product_family-cirio-es","7":"product_cat-lamparas-de-suspension","8":"product_cat-iluminacion","9":"entry","11":"first","12":"instock","13":"taxable","14":"shipping-taxable","15":"product-type-variable","16":"has-default-attributes"},"acf":[],"_links":{"self":[{"href":"https:\/\/www.santacole.com\/es\/wp-json\/wp\/v2\/product\/18201","targetHints":{"allow":["GET"]}}],"collection":[{"href":"https:\/\/www.santacole.com\/es\/wp-json\/wp\/v2\/product"}],"about":[{"href":"https:\/\/www.santacole.com\/es\/wp-json\/wp\/v2\/types\/product"}],"wp:featuredmedia":[{"embeddable":true,"href":"https:\/\/www.santacole.com\/es\/wp-json\/wp\/v2\/media\/114210"}],"wp:attachment":[{"href":"https:\/\/www.santacole.com\/es\/wp-json\/wp\/v2\/media?parent=18201"}],"wp:term":[{"taxonomy":"product_collection","embeddable":true,"href":"https:\/\/www.santacole.com\/es\/wp-json\/wp\/v2\/product_collection?post=18201"},{"taxonomy":"product_family","embeddable":true,"href":"https:\/\/www.santacole.com\/es\/wp-json\/wp\/v2\/product_family?post=18201"},{"taxonomy":"product_brand","embeddable":true,"href":"https:\/\/www.santacole.com\/es\/wp-json\/wp\/v2\/product_brand?post=18201"},{"taxonomy":"product_cat","embeddable":true,"href":"https:\/\/www.santacole.com\/es\/wp-json\/wp\/v2\/product_cat?post=18201"},{"taxonomy":"product_tag","embeddable":true,"href":"https:\/\/www.santacole.com\/es\/wp-json\/wp\/v2\/product_tag?post=18201"}],"curies":[{"name":"wp","href":"https:\/\/api.w.org\/{rel}","templated":true}]}}