{"id":17275,"date":"2026-04-01T05:06:33","date_gmt":"2026-04-01T03:06:33","guid":{"rendered":"https:\/\/www.santacole.com\/product\/sisisi-conicas-986"},"modified":"2026-04-01T05:23:41","modified_gmt":"2026-04-01T03:23:41","slug":"sisisi-conicas-986","status":"publish","type":"product","link":"https:\/\/www.santacole.com\/es\/iluminacion\/lamparas-de-suspension\/sisisi-conicas-986\/","title":{"rendered":"S\u00eds\u00eds\u00ed C\u00f3nicas"},"content":{"rendered":"","protected":false},"excerpt":{"rendered":"<p>Un sistema de pantallas c\u00f3nicas con m\u00faltiples materiales y escalas, nacido en los ochenta para defender la calidez frente a la moda del metal.<\/p>\n","protected":false},"featured_media":119485,"template":"","meta":{"_acf_changed":false},"product_collection":[],"product_family":[1453],"product_brand":[],"product_cat":[159,41],"product_tag":[],"class_list":{"0":"post-17275","1":"product","2":"type-product","3":"status-publish","4":"has-post-thumbnail","6":"product_family-sistema-matricial-es","7":"product_cat-lamparas-de-suspension","8":"product_cat-iluminacion","9":"entry","11":"first","12":"instock","13":"taxable","14":"shipping-taxable","15":"product-type-variable","16":"has-default-attributes"},"acf":[],"_links":{"self":[{"href":"https:\/\/www.santacole.com\/es\/wp-json\/wp\/v2\/product\/17275","targetHints":{"allow":["GET"]}}],"collection":[{"href":"https:\/\/www.santacole.com\/es\/wp-json\/wp\/v2\/product"}],"about":[{"href":"https:\/\/www.santacole.com\/es\/wp-json\/wp\/v2\/types\/product"}],"wp:featuredmedia":[{"embeddable":true,"href":"https:\/\/www.santacole.com\/es\/wp-json\/wp\/v2\/media\/119485"}],"wp:attachment":[{"href":"https:\/\/www.santacole.com\/es\/wp-json\/wp\/v2\/media?parent=17275"}],"wp:term":[{"taxonomy":"product_collection","embeddable":true,"href":"https:\/\/www.santacole.com\/es\/wp-json\/wp\/v2\/product_collection?post=17275"},{"taxonomy":"product_family","embeddable":true,"href":"https:\/\/www.santacole.com\/es\/wp-json\/wp\/v2\/product_family?post=17275"},{"taxonomy":"product_brand","embeddable":true,"href":"https:\/\/www.santacole.com\/es\/wp-json\/wp\/v2\/product_brand?post=17275"},{"taxonomy":"product_cat","embeddable":true,"href":"https:\/\/www.santacole.com\/es\/wp-json\/wp\/v2\/product_cat?post=17275"},{"taxonomy":"product_tag","embeddable":true,"href":"https:\/\/www.santacole.com\/es\/wp-json\/wp\/v2\/product_tag?post=17275"}],"curies":[{"name":"wp","href":"https:\/\/api.w.org\/{rel}","templated":true}]}}