{"id":16377,"date":"2026-03-25T10:25:41","date_gmt":"2026-03-25T09:25:41","guid":{"rendered":"https:\/\/www.santacole.com\/product\/cestita-514"},"modified":"2026-03-25T10:42:02","modified_gmt":"2026-03-25T09:42:02","slug":"cestita-514","status":"publish","type":"product","link":"https:\/\/www.santacole.com\/es\/iluminacion\/lamparas-de-sobremesa\/cestita-514\/","title":{"rendered":"Cestita"},"content":{"rendered":"","protected":false},"excerpt":{"rendered":"<p>Versi\u00f3n peque\u00f1a de Cesta, esta linterna mediterr\u00e1nea es uno de los iconos internacionales m\u00e1s divulgados de Miguel Mil\u00e1.<\/p>\n","protected":false},"featured_media":108377,"template":"","meta":{"_acf_changed":false},"product_collection":[],"product_family":[1465],"product_brand":[],"product_cat":[42,41],"product_tag":[],"class_list":{"0":"post-16377","1":"product","2":"type-product","3":"status-publish","4":"has-post-thumbnail","6":"product_family-cesta-es","7":"product_cat-lamparas-de-sobremesa","8":"product_cat-iluminacion","9":"entry","11":"first","12":"instock","13":"taxable","14":"shipping-taxable","15":"product-type-variable","16":"has-default-attributes"},"acf":[],"_links":{"self":[{"href":"https:\/\/www.santacole.com\/es\/wp-json\/wp\/v2\/product\/16377","targetHints":{"allow":["GET"]}}],"collection":[{"href":"https:\/\/www.santacole.com\/es\/wp-json\/wp\/v2\/product"}],"about":[{"href":"https:\/\/www.santacole.com\/es\/wp-json\/wp\/v2\/types\/product"}],"wp:featuredmedia":[{"embeddable":true,"href":"https:\/\/www.santacole.com\/es\/wp-json\/wp\/v2\/media\/108377"}],"wp:attachment":[{"href":"https:\/\/www.santacole.com\/es\/wp-json\/wp\/v2\/media?parent=16377"}],"wp:term":[{"taxonomy":"product_collection","embeddable":true,"href":"https:\/\/www.santacole.com\/es\/wp-json\/wp\/v2\/product_collection?post=16377"},{"taxonomy":"product_family","embeddable":true,"href":"https:\/\/www.santacole.com\/es\/wp-json\/wp\/v2\/product_family?post=16377"},{"taxonomy":"product_brand","embeddable":true,"href":"https:\/\/www.santacole.com\/es\/wp-json\/wp\/v2\/product_brand?post=16377"},{"taxonomy":"product_cat","embeddable":true,"href":"https:\/\/www.santacole.com\/es\/wp-json\/wp\/v2\/product_cat?post=16377"},{"taxonomy":"product_tag","embeddable":true,"href":"https:\/\/www.santacole.com\/es\/wp-json\/wp\/v2\/product_tag?post=16377"}],"curies":[{"name":"wp","href":"https:\/\/api.w.org\/{rel}","templated":true}]}}