{"id":14707,"date":"2026-03-25T11:30:22","date_gmt":"2026-03-25T10:30:22","guid":{"rendered":"https:\/\/www.santacole.com\/product\/tmm-414"},"modified":"2026-03-25T11:38:53","modified_gmt":"2026-03-25T10:38:53","slug":"tmm-414","status":"publish","type":"product","link":"https:\/\/www.santacole.com\/es\/iluminacion\/lamparas-de-pie\/tmm-414\/","title":{"rendered":"TMM"},"content":{"rendered":"","protected":false},"excerpt":{"rendered":"<p>Dise\u00f1o ic\u00f3nico de Miguel Mil\u00e1 que separa estructura, pantalla y parte el\u00e9ctrica con naturalidad. Gira y se iza como una vela en su m\u00e1stil.<\/p>\n","protected":false},"featured_media":109271,"template":"","meta":{"_acf_changed":false},"product_collection":[],"product_family":[1455],"product_brand":[],"product_cat":[161,41],"product_tag":[],"class_list":{"0":"post-14707","1":"product","2":"type-product","3":"status-publish","4":"has-post-thumbnail","6":"product_family-tm-es","7":"product_cat-lamparas-de-pie","8":"product_cat-iluminacion","9":"entry","11":"first","12":"instock","13":"taxable","14":"shipping-taxable","15":"product-type-variable","16":"has-default-attributes"},"acf":[],"_links":{"self":[{"href":"https:\/\/www.santacole.com\/es\/wp-json\/wp\/v2\/product\/14707","targetHints":{"allow":["GET"]}}],"collection":[{"href":"https:\/\/www.santacole.com\/es\/wp-json\/wp\/v2\/product"}],"about":[{"href":"https:\/\/www.santacole.com\/es\/wp-json\/wp\/v2\/types\/product"}],"wp:featuredmedia":[{"embeddable":true,"href":"https:\/\/www.santacole.com\/es\/wp-json\/wp\/v2\/media\/109271"}],"wp:attachment":[{"href":"https:\/\/www.santacole.com\/es\/wp-json\/wp\/v2\/media?parent=14707"}],"wp:term":[{"taxonomy":"product_collection","embeddable":true,"href":"https:\/\/www.santacole.com\/es\/wp-json\/wp\/v2\/product_collection?post=14707"},{"taxonomy":"product_family","embeddable":true,"href":"https:\/\/www.santacole.com\/es\/wp-json\/wp\/v2\/product_family?post=14707"},{"taxonomy":"product_brand","embeddable":true,"href":"https:\/\/www.santacole.com\/es\/wp-json\/wp\/v2\/product_brand?post=14707"},{"taxonomy":"product_cat","embeddable":true,"href":"https:\/\/www.santacole.com\/es\/wp-json\/wp\/v2\/product_cat?post=14707"},{"taxonomy":"product_tag","embeddable":true,"href":"https:\/\/www.santacole.com\/es\/wp-json\/wp\/v2\/product_tag?post=14707"}],"curies":[{"name":"wp","href":"https:\/\/api.w.org\/{rel}","templated":true}]}}