{"id":14045,"date":"2026-03-25T10:17:31","date_gmt":"2026-03-25T09:17:31","guid":{"rendered":"https:\/\/www.santacole.com\/product\/basica-minima-393"},"modified":"2026-03-25T10:42:01","modified_gmt":"2026-03-25T09:42:01","slug":"basica-minima-393","status":"publish","type":"product","link":"https:\/\/www.santacole.com\/es\/iluminacion\/lamparas-de-sobremesa\/basica-minima-393\/","title":{"rendered":"B\u00e1sica M\u00ednima"},"content":{"rendered":"","protected":false},"excerpt":{"rendered":"<p>Versi\u00f3n de bolsillo de la B\u00e1sica. Pantallas artesanales sobre un cuerpo de abedul, ideal para mesillas, estanter\u00edas o rincones con luz tenue.<\/p>\n","protected":false},"featured_media":107958,"template":"","meta":{"_acf_changed":false},"product_collection":[],"product_family":[1453],"product_brand":[],"product_cat":[42,41],"product_tag":[],"class_list":{"0":"post-14045","1":"product","2":"type-product","3":"status-publish","4":"has-post-thumbnail","6":"product_family-sistema-matricial-es","7":"product_cat-lamparas-de-sobremesa","8":"product_cat-iluminacion","9":"entry","11":"first","12":"instock","13":"taxable","14":"shipping-taxable","15":"product-type-variable","16":"has-default-attributes"},"acf":[],"_links":{"self":[{"href":"https:\/\/www.santacole.com\/es\/wp-json\/wp\/v2\/product\/14045","targetHints":{"allow":["GET"]}}],"collection":[{"href":"https:\/\/www.santacole.com\/es\/wp-json\/wp\/v2\/product"}],"about":[{"href":"https:\/\/www.santacole.com\/es\/wp-json\/wp\/v2\/types\/product"}],"wp:featuredmedia":[{"embeddable":true,"href":"https:\/\/www.santacole.com\/es\/wp-json\/wp\/v2\/media\/107958"}],"wp:attachment":[{"href":"https:\/\/www.santacole.com\/es\/wp-json\/wp\/v2\/media?parent=14045"}],"wp:term":[{"taxonomy":"product_collection","embeddable":true,"href":"https:\/\/www.santacole.com\/es\/wp-json\/wp\/v2\/product_collection?post=14045"},{"taxonomy":"product_family","embeddable":true,"href":"https:\/\/www.santacole.com\/es\/wp-json\/wp\/v2\/product_family?post=14045"},{"taxonomy":"product_brand","embeddable":true,"href":"https:\/\/www.santacole.com\/es\/wp-json\/wp\/v2\/product_brand?post=14045"},{"taxonomy":"product_cat","embeddable":true,"href":"https:\/\/www.santacole.com\/es\/wp-json\/wp\/v2\/product_cat?post=14045"},{"taxonomy":"product_tag","embeddable":true,"href":"https:\/\/www.santacole.com\/es\/wp-json\/wp\/v2\/product_tag?post=14045"}],"curies":[{"name":"wp","href":"https:\/\/api.w.org\/{rel}","templated":true}]}}