{"id":126036,"date":"2026-05-04T17:16:59","date_gmt":"2026-05-04T15:16:59","guid":{"rendered":"https:\/\/www.santacole.com\/en\/product\/oro-y-azur-4220\/"},"modified":"2026-05-04T17:21:51","modified_gmt":"2026-05-04T15:21:51","slug":"oro-y-azur-m-00154","status":"publish","type":"product","link":"https:\/\/www.santacole.com\/es\/arte\/neoseries-de-museo\/oro-y-azur-m-00154\/","title":{"rendered":"Oro y azur"},"content":{"rendered":"","protected":false},"excerpt":{"rendered":"<p>Las Neoseries de Museo acercan obras maestras al p\u00fablico, permitiendo vivir con arte m\u00e1s all\u00e1 de las paredes del museo.<\/p>\n","protected":false},"featured_media":126039,"template":"","meta":{"_acf_changed":false},"product_collection":[1681,1682],"product_family":[],"product_brand":[],"product_cat":[380,377,379],"product_tag":[],"class_list":{"0":"post-126036","1":"product","2":"type-product","3":"status-publish","4":"has-post-thumbnail","6":"product_collection-museu-nacional-dart-de-catalunya-en","7":"product_collection-museu-nacional-dart-de-catalunya-es","8":"product_cat-neoseries-de-museo","9":"product_cat-arte","10":"product_cat-museum-neoseries","11":"product_shipping_class-museum-neoseries-en","12":"entry","14":"first","15":"instock","16":"taxable","17":"shipping-taxable","18":"product-type-variable","19":"has-default-attributes"},"acf":[],"distributor_meta":false,"distributor_terms":false,"distributor_media":false,"distributor_original_site_name":"Santa &amp; Cole","distributor_original_site_url":"https:\/\/www.santacole.com\/es\/","push-errors":false,"_links":{"self":[{"href":"https:\/\/www.santacole.com\/es\/wp-json\/wp\/v2\/product\/126036","targetHints":{"allow":["GET"]}}],"collection":[{"href":"https:\/\/www.santacole.com\/es\/wp-json\/wp\/v2\/product"}],"about":[{"href":"https:\/\/www.santacole.com\/es\/wp-json\/wp\/v2\/types\/product"}],"wp:featuredmedia":[{"embeddable":true,"href":"https:\/\/www.santacole.com\/es\/wp-json\/wp\/v2\/media\/126039"}],"wp:attachment":[{"href":"https:\/\/www.santacole.com\/es\/wp-json\/wp\/v2\/media?parent=126036"}],"wp:term":[{"taxonomy":"product_collection","embeddable":true,"href":"https:\/\/www.santacole.com\/es\/wp-json\/wp\/v2\/product_collection?post=126036"},{"taxonomy":"product_family","embeddable":true,"href":"https:\/\/www.santacole.com\/es\/wp-json\/wp\/v2\/product_family?post=126036"},{"taxonomy":"product_brand","embeddable":true,"href":"https:\/\/www.santacole.com\/es\/wp-json\/wp\/v2\/product_brand?post=126036"},{"taxonomy":"product_cat","embeddable":true,"href":"https:\/\/www.santacole.com\/es\/wp-json\/wp\/v2\/product_cat?post=126036"},{"taxonomy":"product_tag","embeddable":true,"href":"https:\/\/www.santacole.com\/es\/wp-json\/wp\/v2\/product_tag?post=126036"}],"curies":[{"name":"wp","href":"https:\/\/api.w.org\/{rel}","templated":true}]}}