{"id":124256,"date":"2026-04-29T05:05:01","date_gmt":"2026-04-29T03:05:01","guid":{"rendered":"https:\/\/www.santacole.com\/uncategorized\/m64-color-2808-2\/"},"modified":"2026-04-29T06:35:56","modified_gmt":"2026-04-29T04:35:56","slug":"m64-color-2808","status":"publish","type":"product","link":"https:\/\/www.santacole.com\/es\/iluminacion\/lamparas-de-suspension\/m64-color-2808\/","title":{"rendered":"M64 Color"},"content":{"rendered":"","protected":false},"excerpt":{"rendered":"<p>Versi\u00f3n crom\u00e1tica de la M64 con Claudia Valsells. Ocho colores que reimaginan este cl\u00e1sico del dise\u00f1o en v\u00edsperas de su 70 aniversario.<\/p>\n","protected":false},"featured_media":0,"template":"","meta":{"_acf_changed":false},"product_collection":[],"product_family":[1480,1481],"product_brand":[],"product_cat":[159,41,158],"product_tag":[],"class_list":{"0":"post-124256","1":"product","2":"type-product","3":"status-publish","5":"product_family-m64-en","6":"product_family-m64-es","7":"product_cat-lamparas-de-suspension","8":"product_cat-iluminacion","9":"product_cat-pendant-lamps","10":"entry","12":"first","13":"instock","14":"taxable","15":"shipping-taxable","16":"product-type-variable","17":"has-default-attributes"},"acf":[],"distributor_meta":false,"distributor_terms":false,"distributor_media":false,"distributor_original_site_name":"Santa &amp; Cole","distributor_original_site_url":"https:\/\/www.santacole.com\/es\/","push-errors":false,"_links":{"self":[{"href":"https:\/\/www.santacole.com\/es\/wp-json\/wp\/v2\/product\/124256","targetHints":{"allow":["GET"]}}],"collection":[{"href":"https:\/\/www.santacole.com\/es\/wp-json\/wp\/v2\/product"}],"about":[{"href":"https:\/\/www.santacole.com\/es\/wp-json\/wp\/v2\/types\/product"}],"wp:attachment":[{"href":"https:\/\/www.santacole.com\/es\/wp-json\/wp\/v2\/media?parent=124256"}],"wp:term":[{"taxonomy":"product_collection","embeddable":true,"href":"https:\/\/www.santacole.com\/es\/wp-json\/wp\/v2\/product_collection?post=124256"},{"taxonomy":"product_family","embeddable":true,"href":"https:\/\/www.santacole.com\/es\/wp-json\/wp\/v2\/product_family?post=124256"},{"taxonomy":"product_brand","embeddable":true,"href":"https:\/\/www.santacole.com\/es\/wp-json\/wp\/v2\/product_brand?post=124256"},{"taxonomy":"product_cat","embeddable":true,"href":"https:\/\/www.santacole.com\/es\/wp-json\/wp\/v2\/product_cat?post=124256"},{"taxonomy":"product_tag","embeddable":true,"href":"https:\/\/www.santacole.com\/es\/wp-json\/wp\/v2\/product_tag?post=124256"}],"curies":[{"name":"wp","href":"https:\/\/api.w.org\/{rel}","templated":true}]}}