{"id":123990,"date":"2026-04-28T10:49:51","date_gmt":"2026-04-28T08:49:51","guid":{"rendered":"https:\/\/www.santacole.com\/en\/product\/planideros-i-M-00141\/"},"modified":"2026-04-28T10:50:11","modified_gmt":"2026-04-28T08:50:11","slug":"planideros-i-m-00141","status":"publish","type":"product","link":"https:\/\/www.santacole.com\/es\/arte\/neoseries-de-museo\/planideros-i-m-00141\/","title":{"rendered":"Pla\u00f1ideros I"},"content":{"rendered":"","protected":false},"excerpt":{"rendered":"<p>Las Neoseries de Museo acercan obras maestras al p\u00fablico, permitiendo vivir con arte m\u00e1s all\u00e1 de las paredes del museo.<\/p>\n","protected":false},"featured_media":123995,"template":"","meta":{"_acf_changed":false},"product_collection":[],"product_family":[],"product_brand":[],"product_cat":[380,377,379],"product_tag":[],"class_list":{"0":"post-123990","1":"product","2":"type-product","3":"status-publish","4":"has-post-thumbnail","6":"product_cat-neoseries-de-museo","7":"product_cat-arte","8":"product_cat-museum-neoseries","9":"product_shipping_class-museum-neoseries-en","10":"entry","12":"first","13":"instock","14":"taxable","15":"shipping-taxable","16":"product-type-simple"},"acf":[],"distributor_meta":false,"distributor_terms":false,"distributor_media":false,"distributor_original_site_name":"Santa &amp; Cole","distributor_original_site_url":"https:\/\/www.santacole.com\/es\/","push-errors":false,"_links":{"self":[{"href":"https:\/\/www.santacole.com\/es\/wp-json\/wp\/v2\/product\/123990","targetHints":{"allow":["GET"]}}],"collection":[{"href":"https:\/\/www.santacole.com\/es\/wp-json\/wp\/v2\/product"}],"about":[{"href":"https:\/\/www.santacole.com\/es\/wp-json\/wp\/v2\/types\/product"}],"wp:featuredmedia":[{"embeddable":true,"href":"https:\/\/www.santacole.com\/es\/wp-json\/wp\/v2\/media\/123995"}],"wp:attachment":[{"href":"https:\/\/www.santacole.com\/es\/wp-json\/wp\/v2\/media?parent=123990"}],"wp:term":[{"taxonomy":"product_collection","embeddable":true,"href":"https:\/\/www.santacole.com\/es\/wp-json\/wp\/v2\/product_collection?post=123990"},{"taxonomy":"product_family","embeddable":true,"href":"https:\/\/www.santacole.com\/es\/wp-json\/wp\/v2\/product_family?post=123990"},{"taxonomy":"product_brand","embeddable":true,"href":"https:\/\/www.santacole.com\/es\/wp-json\/wp\/v2\/product_brand?post=123990"},{"taxonomy":"product_cat","embeddable":true,"href":"https:\/\/www.santacole.com\/es\/wp-json\/wp\/v2\/product_cat?post=123990"},{"taxonomy":"product_tag","embeddable":true,"href":"https:\/\/www.santacole.com\/es\/wp-json\/wp\/v2\/product_tag?post=123990"}],"curies":[{"name":"wp","href":"https:\/\/api.w.org\/{rel}","templated":true}]}}