{"id":12334,"date":"2026-03-23T10:36:52","date_gmt":"2026-03-23T09:36:52","guid":{"rendered":"https:\/\/www.santacole.com\/product\/bc-1573"},"modified":"2026-03-23T10:50:11","modified_gmt":"2026-03-23T09:50:11","slug":"bc-1573","status":"publish","type":"product","link":"https:\/\/www.santacole.com\/es\/iluminacion\/apliques\/bc-1573\/","title":{"rendered":"BC"},"content":{"rendered":"","protected":false},"excerpt":{"rendered":"<p>Ejercicio de sobriedad y solidez. Fijos o m\u00f3viles, estos apliques con pantallas artesanales resuelven con discreci\u00f3n m\u00faltiples situaciones.<\/p>\n","protected":false},"featured_media":107147,"template":"","meta":{"_acf_changed":false},"product_collection":[],"product_family":[1453],"product_brand":[],"product_cat":[141,41],"product_tag":[],"class_list":{"0":"post-12334","1":"product","2":"type-product","3":"status-publish","4":"has-post-thumbnail","6":"product_family-sistema-matricial-es","7":"product_cat-apliques","8":"product_cat-iluminacion","9":"entry","11":"first","12":"instock","13":"taxable","14":"shipping-taxable","15":"product-type-variable","16":"has-default-attributes"},"acf":[],"_links":{"self":[{"href":"https:\/\/www.santacole.com\/es\/wp-json\/wp\/v2\/product\/12334","targetHints":{"allow":["GET"]}}],"collection":[{"href":"https:\/\/www.santacole.com\/es\/wp-json\/wp\/v2\/product"}],"about":[{"href":"https:\/\/www.santacole.com\/es\/wp-json\/wp\/v2\/types\/product"}],"wp:featuredmedia":[{"embeddable":true,"href":"https:\/\/www.santacole.com\/es\/wp-json\/wp\/v2\/media\/107147"}],"wp:attachment":[{"href":"https:\/\/www.santacole.com\/es\/wp-json\/wp\/v2\/media?parent=12334"}],"wp:term":[{"taxonomy":"product_collection","embeddable":true,"href":"https:\/\/www.santacole.com\/es\/wp-json\/wp\/v2\/product_collection?post=12334"},{"taxonomy":"product_family","embeddable":true,"href":"https:\/\/www.santacole.com\/es\/wp-json\/wp\/v2\/product_family?post=12334"},{"taxonomy":"product_brand","embeddable":true,"href":"https:\/\/www.santacole.com\/es\/wp-json\/wp\/v2\/product_brand?post=12334"},{"taxonomy":"product_cat","embeddable":true,"href":"https:\/\/www.santacole.com\/es\/wp-json\/wp\/v2\/product_cat?post=12334"},{"taxonomy":"product_tag","embeddable":true,"href":"https:\/\/www.santacole.com\/es\/wp-json\/wp\/v2\/product_tag?post=12334"}],"curies":[{"name":"wp","href":"https:\/\/api.w.org\/{rel}","templated":true}]}}