{"id":120439,"date":"2026-04-10T14:33:14","date_gmt":"2026-04-10T12:33:14","guid":{"rendered":"https:\/\/www.santacole.com\/en\/product\/renato-de-fusco-el-gusto-GUSTOLI\/"},"modified":"2026-04-10T18:46:42","modified_gmt":"2026-04-10T16:46:42","slug":"renato-de-fusco-el-gusto","status":"publish","type":"product","link":"https:\/\/www.santacole.com\/es\/libros\/perdigones-es\/renato-de-fusco-el-gusto\/","title":{"rendered":"Renato de Fusco: El Gusto"},"content":{"rendered":"","protected":false},"excerpt":{"rendered":"<p>Renato de Fusco desaf\u00eda la idea del gusto como expresi\u00f3n individual y lo revela como un fen\u00f3meno colectivo.<\/p>\n","protected":false},"featured_media":120441,"template":"","meta":{"_acf_changed":false},"product_collection":[],"product_family":[],"product_brand":[],"product_cat":[1536,176],"product_tag":[],"class_list":{"0":"post-120439","1":"product","2":"type-product","3":"status-publish","4":"has-post-thumbnail","6":"product_cat-perdigones-es","7":"product_cat-libros","8":"product_shipping_class-sin-stock-es","9":"entry","11":"first","12":"outofstock","13":"taxable","14":"shipping-taxable","15":"product-type-simple"},"acf":[],"_links":{"self":[{"href":"https:\/\/www.santacole.com\/es\/wp-json\/wp\/v2\/product\/120439","targetHints":{"allow":["GET"]}}],"collection":[{"href":"https:\/\/www.santacole.com\/es\/wp-json\/wp\/v2\/product"}],"about":[{"href":"https:\/\/www.santacole.com\/es\/wp-json\/wp\/v2\/types\/product"}],"wp:featuredmedia":[{"embeddable":true,"href":"https:\/\/www.santacole.com\/es\/wp-json\/wp\/v2\/media\/120441"}],"wp:attachment":[{"href":"https:\/\/www.santacole.com\/es\/wp-json\/wp\/v2\/media?parent=120439"}],"wp:term":[{"taxonomy":"product_collection","embeddable":true,"href":"https:\/\/www.santacole.com\/es\/wp-json\/wp\/v2\/product_collection?post=120439"},{"taxonomy":"product_family","embeddable":true,"href":"https:\/\/www.santacole.com\/es\/wp-json\/wp\/v2\/product_family?post=120439"},{"taxonomy":"product_brand","embeddable":true,"href":"https:\/\/www.santacole.com\/es\/wp-json\/wp\/v2\/product_brand?post=120439"},{"taxonomy":"product_cat","embeddable":true,"href":"https:\/\/www.santacole.com\/es\/wp-json\/wp\/v2\/product_cat?post=120439"},{"taxonomy":"product_tag","embeddable":true,"href":"https:\/\/www.santacole.com\/es\/wp-json\/wp\/v2\/product_tag?post=120439"}],"curies":[{"name":"wp","href":"https:\/\/api.w.org\/{rel}","templated":true}]}}