{"id":119376,"date":"2026-03-30T16:19:17","date_gmt":"2026-03-30T14:19:17","guid":{"rendered":"https:\/\/www.santacole.com\/uncategorized\/cesta-cesta01-2\/"},"modified":"2026-03-30T16:19:49","modified_gmt":"2026-03-30T14:19:49","slug":"cesta-cesta01","status":"publish","type":"product","link":"https:\/\/www.santacole.com\/es\/iluminacion\/lamparas-de-sobremesa\/cesta-cesta01\/","title":{"rendered":"Cesta"},"content":{"rendered":"","protected":false},"excerpt":{"rendered":"<p>Inspirada en las linternas mediterr\u00e1neas, Cesta es uno de los m\u00e1s divulgados iconos internacionales de Miguel Mil\u00e1.<\/p>\n","protected":false},"featured_media":108001,"template":"","meta":{"_acf_changed":false},"product_collection":[],"product_family":[1464,1465],"product_brand":[],"product_cat":[42,41,130],"product_tag":[],"class_list":{"0":"post-119376","1":"product","2":"type-product","3":"status-publish","4":"has-post-thumbnail","6":"product_family-cesta-en","7":"product_family-cesta-es","8":"product_cat-lamparas-de-sobremesa","9":"product_cat-iluminacion","10":"product_cat-table-lamps","11":"product_shipping_class-standard-en","12":"entry","14":"first","15":"instock","16":"taxable","17":"shipping-taxable","18":"product-type-simple"},"acf":[],"_links":{"self":[{"href":"https:\/\/www.santacole.com\/es\/wp-json\/wp\/v2\/product\/119376","targetHints":{"allow":["GET"]}}],"collection":[{"href":"https:\/\/www.santacole.com\/es\/wp-json\/wp\/v2\/product"}],"about":[{"href":"https:\/\/www.santacole.com\/es\/wp-json\/wp\/v2\/types\/product"}],"wp:featuredmedia":[{"embeddable":true,"href":"https:\/\/www.santacole.com\/es\/wp-json\/wp\/v2\/media\/108001"}],"wp:attachment":[{"href":"https:\/\/www.santacole.com\/es\/wp-json\/wp\/v2\/media?parent=119376"}],"wp:term":[{"taxonomy":"product_collection","embeddable":true,"href":"https:\/\/www.santacole.com\/es\/wp-json\/wp\/v2\/product_collection?post=119376"},{"taxonomy":"product_family","embeddable":true,"href":"https:\/\/www.santacole.com\/es\/wp-json\/wp\/v2\/product_family?post=119376"},{"taxonomy":"product_brand","embeddable":true,"href":"https:\/\/www.santacole.com\/es\/wp-json\/wp\/v2\/product_brand?post=119376"},{"taxonomy":"product_cat","embeddable":true,"href":"https:\/\/www.santacole.com\/es\/wp-json\/wp\/v2\/product_cat?post=119376"},{"taxonomy":"product_tag","embeddable":true,"href":"https:\/\/www.santacole.com\/es\/wp-json\/wp\/v2\/product_tag?post=119376"}],"curies":[{"name":"wp","href":"https:\/\/api.w.org\/{rel}","templated":true}]}}