{"id":117180,"date":"2026-03-23T09:37:53","date_gmt":"2026-03-23T08:37:53","guid":{"rendered":"https:\/\/www.santacole.com\/uncategorized\/shiro-17-bateria-shbta01-2\/"},"modified":"2026-03-23T09:38:28","modified_gmt":"2026-03-23T08:38:28","slug":"shiro-17-bateria-shbta01","status":"publish","type":"product","link":"https:\/\/www.santacole.com\/es\/iluminacion\/lamparas-de-sobremesa\/shiro-17-bateria-shbta01\/","title":{"rendered":"Shiro 17 Bater\u00eda"},"content":{"rendered":"","protected":false},"excerpt":{"rendered":"<p>Cubo de luz con bater\u00eda que dialoga con el jard\u00edn, filtrando la luz con elegancia y discreci\u00f3n.<\/p>\n","protected":false},"featured_media":117181,"template":"","meta":{"_acf_changed":false},"product_collection":[],"product_family":[1532,1533],"product_brand":[],"product_cat":[42,41,130],"product_tag":[],"class_list":{"0":"post-117180","1":"product","2":"type-product","3":"status-publish","4":"has-post-thumbnail","6":"product_family-shiro-en","7":"product_family-shiro-es","8":"product_cat-lamparas-de-sobremesa","9":"product_cat-iluminacion","10":"product_cat-table-lamps","11":"product_shipping_class-standard-en","12":"entry","14":"first","15":"instock","16":"taxable","17":"shipping-taxable","18":"product-type-simple"},"acf":[],"_links":{"self":[{"href":"https:\/\/www.santacole.com\/es\/wp-json\/wp\/v2\/product\/117180","targetHints":{"allow":["GET"]}}],"collection":[{"href":"https:\/\/www.santacole.com\/es\/wp-json\/wp\/v2\/product"}],"about":[{"href":"https:\/\/www.santacole.com\/es\/wp-json\/wp\/v2\/types\/product"}],"wp:featuredmedia":[{"embeddable":true,"href":"https:\/\/www.santacole.com\/es\/wp-json\/wp\/v2\/media\/117181"}],"wp:attachment":[{"href":"https:\/\/www.santacole.com\/es\/wp-json\/wp\/v2\/media?parent=117180"}],"wp:term":[{"taxonomy":"product_collection","embeddable":true,"href":"https:\/\/www.santacole.com\/es\/wp-json\/wp\/v2\/product_collection?post=117180"},{"taxonomy":"product_family","embeddable":true,"href":"https:\/\/www.santacole.com\/es\/wp-json\/wp\/v2\/product_family?post=117180"},{"taxonomy":"product_brand","embeddable":true,"href":"https:\/\/www.santacole.com\/es\/wp-json\/wp\/v2\/product_brand?post=117180"},{"taxonomy":"product_cat","embeddable":true,"href":"https:\/\/www.santacole.com\/es\/wp-json\/wp\/v2\/product_cat?post=117180"},{"taxonomy":"product_tag","embeddable":true,"href":"https:\/\/www.santacole.com\/es\/wp-json\/wp\/v2\/product_tag?post=117180"}],"curies":[{"name":"wp","href":"https:\/\/api.w.org\/{rel}","templated":true}]}}