{"id":11334,"date":"2026-04-09T16:27:15","date_gmt":"2026-04-09T14:27:15","guid":{"rendered":"https:\/\/www.santacole.com\/product\/canon-de-belloch-catalogue-of-urban-trees-CANBEENGLI"},"modified":"2026-04-09T16:27:35","modified_gmt":"2026-04-09T14:27:35","slug":"canon-de-belloch-catalogue-of-urban-trees-canbeengli","status":"publish","type":"product","link":"https:\/\/www.santacole.com\/es\/libros\/los-ojos-fertiles\/canon-de-belloch-catalogue-of-urban-trees-canbeengli\/","title":{"rendered":"Canon de Belloch. Catalogue of Urban Trees"},"content":{"rendered":"","protected":false},"excerpt":{"rendered":"<p>Una primera gu\u00eda esencial para elegir especies arb\u00f3reas y crear ciudades m\u00e1s sostenibles.<\/p>\n","protected":false},"featured_media":120277,"template":"","meta":{"_acf_changed":false},"product_collection":[],"product_family":[],"product_brand":[],"product_cat":[179,176],"product_tag":[],"class_list":{"0":"post-11334","1":"product","2":"type-product","3":"status-publish","4":"has-post-thumbnail","6":"product_cat-los-ojos-fertiles","7":"product_cat-libros","8":"product_shipping_class-standard-en","9":"entry","11":"first","12":"instock","13":"taxable","14":"shipping-taxable","15":"product-type-simple"},"acf":[],"_links":{"self":[{"href":"https:\/\/www.santacole.com\/es\/wp-json\/wp\/v2\/product\/11334","targetHints":{"allow":["GET"]}}],"collection":[{"href":"https:\/\/www.santacole.com\/es\/wp-json\/wp\/v2\/product"}],"about":[{"href":"https:\/\/www.santacole.com\/es\/wp-json\/wp\/v2\/types\/product"}],"wp:featuredmedia":[{"embeddable":true,"href":"https:\/\/www.santacole.com\/es\/wp-json\/wp\/v2\/media\/120277"}],"wp:attachment":[{"href":"https:\/\/www.santacole.com\/es\/wp-json\/wp\/v2\/media?parent=11334"}],"wp:term":[{"taxonomy":"product_collection","embeddable":true,"href":"https:\/\/www.santacole.com\/es\/wp-json\/wp\/v2\/product_collection?post=11334"},{"taxonomy":"product_family","embeddable":true,"href":"https:\/\/www.santacole.com\/es\/wp-json\/wp\/v2\/product_family?post=11334"},{"taxonomy":"product_brand","embeddable":true,"href":"https:\/\/www.santacole.com\/es\/wp-json\/wp\/v2\/product_brand?post=11334"},{"taxonomy":"product_cat","embeddable":true,"href":"https:\/\/www.santacole.com\/es\/wp-json\/wp\/v2\/product_cat?post=11334"},{"taxonomy":"product_tag","embeddable":true,"href":"https:\/\/www.santacole.com\/es\/wp-json\/wp\/v2\/product_tag?post=11334"}],"curies":[{"name":"wp","href":"https:\/\/api.w.org\/{rel}","templated":true}]}}