{"id":11328,"date":"2026-03-26T22:34:12","date_gmt":"2026-03-26T21:34:12","guid":{"rendered":"https:\/\/www.santacole.com\/product\/spheres-and-potatoes-undisciplined-portrait-of-gabriel-ordeig-cole-GOENGLI"},"modified":"2026-03-26T22:35:36","modified_gmt":"2026-03-26T21:35:36","slug":"spheres-and-potatoes-undisciplined-portrait-of-gabriel-ordeig-cole-goengli","status":"publish","type":"product","link":"https:\/\/www.santacole.com\/es\/libros\/biografias-de-diseno\/spheres-and-potatoes-undisciplined-portrait-of-gabriel-ordeig-cole-goengli\/","title":{"rendered":"Spheres and potatoes. Undisciplined portrait of Gabriel Ordeig Cole"},"content":{"rendered":"","protected":false},"excerpt":{"rendered":"<p>Un retrato \u00edntimo de Gabriel Ordeig, creador multidisciplinar y figura clave del dise\u00f1o espa\u00f1ol de los 80.<\/p>\n","protected":false},"featured_media":106874,"template":"","meta":{"_acf_changed":false},"product_collection":[],"product_family":[],"product_brand":[],"product_cat":[177,176],"product_tag":[],"class_list":{"0":"post-11328","1":"product","2":"type-product","3":"status-publish","4":"has-post-thumbnail","6":"product_cat-biografias-de-diseno","7":"product_cat-libros","8":"product_shipping_class-estandar-es","9":"product_shipping_class-standard-en","10":"entry","12":"first","13":"instock","14":"taxable","15":"shipping-taxable","16":"product-type-simple"},"acf":[],"distributor_meta":false,"distributor_terms":false,"distributor_media":false,"distributor_original_site_name":"Santa &amp; Cole","distributor_original_site_url":"https:\/\/www.santacole.com\/es\/","push-errors":false,"_links":{"self":[{"href":"https:\/\/www.santacole.com\/es\/wp-json\/wp\/v2\/product\/11328","targetHints":{"allow":["GET"]}}],"collection":[{"href":"https:\/\/www.santacole.com\/es\/wp-json\/wp\/v2\/product"}],"about":[{"href":"https:\/\/www.santacole.com\/es\/wp-json\/wp\/v2\/types\/product"}],"wp:featuredmedia":[{"embeddable":true,"href":"https:\/\/www.santacole.com\/es\/wp-json\/wp\/v2\/media\/106874"}],"wp:attachment":[{"href":"https:\/\/www.santacole.com\/es\/wp-json\/wp\/v2\/media?parent=11328"}],"wp:term":[{"taxonomy":"product_collection","embeddable":true,"href":"https:\/\/www.santacole.com\/es\/wp-json\/wp\/v2\/product_collection?post=11328"},{"taxonomy":"product_family","embeddable":true,"href":"https:\/\/www.santacole.com\/es\/wp-json\/wp\/v2\/product_family?post=11328"},{"taxonomy":"product_brand","embeddable":true,"href":"https:\/\/www.santacole.com\/es\/wp-json\/wp\/v2\/product_brand?post=11328"},{"taxonomy":"product_cat","embeddable":true,"href":"https:\/\/www.santacole.com\/es\/wp-json\/wp\/v2\/product_cat?post=11328"},{"taxonomy":"product_tag","embeddable":true,"href":"https:\/\/www.santacole.com\/es\/wp-json\/wp\/v2\/product_tag?post=11328"}],"curies":[{"name":"wp","href":"https:\/\/api.w.org\/{rel}","templated":true}]}}