{"id":11325,"date":"2026-03-26T22:32:40","date_gmt":"2026-03-26T21:32:40","guid":{"rendered":"https:\/\/www.santacole.com\/product\/esferas-y-patatas-retrato-indiscicplinado-de-gabriel-ordeig-cole-GOESPLI"},"modified":"2026-03-26T22:33:02","modified_gmt":"2026-03-26T21:33:02","slug":"esferas-y-patatas-retrato-indiscicplinado-de-gabriel-ordeig-cole-goespli","status":"publish","type":"product","link":"https:\/\/www.santacole.com\/es\/libros\/biografias-de-diseno\/esferas-y-patatas-retrato-indiscicplinado-de-gabriel-ordeig-cole-goespli\/","title":{"rendered":"Esferas y patatas. Retrato indiscicplinado de Gabriel Ordeig Cole"},"content":{"rendered":"","protected":false},"excerpt":{"rendered":"<p>Un retrato \u00edntimo de Gabriel Ordeig, creador multidisciplinar y figura clave del dise\u00f1o espa\u00f1ol de los 80.<\/p>\n","protected":false},"featured_media":106866,"template":"","meta":{"_acf_changed":false},"product_collection":[],"product_family":[],"product_brand":[],"product_cat":[177,176],"product_tag":[],"class_list":{"0":"post-11325","1":"product","2":"type-product","3":"status-publish","4":"has-post-thumbnail","6":"product_cat-biografias-de-diseno","7":"product_cat-libros","8":"product_shipping_class-standard-en","9":"entry","11":"first","12":"instock","13":"taxable","14":"shipping-taxable","15":"product-type-simple"},"acf":[],"_links":{"self":[{"href":"https:\/\/www.santacole.com\/es\/wp-json\/wp\/v2\/product\/11325","targetHints":{"allow":["GET"]}}],"collection":[{"href":"https:\/\/www.santacole.com\/es\/wp-json\/wp\/v2\/product"}],"about":[{"href":"https:\/\/www.santacole.com\/es\/wp-json\/wp\/v2\/types\/product"}],"wp:featuredmedia":[{"embeddable":true,"href":"https:\/\/www.santacole.com\/es\/wp-json\/wp\/v2\/media\/106866"}],"wp:attachment":[{"href":"https:\/\/www.santacole.com\/es\/wp-json\/wp\/v2\/media?parent=11325"}],"wp:term":[{"taxonomy":"product_collection","embeddable":true,"href":"https:\/\/www.santacole.com\/es\/wp-json\/wp\/v2\/product_collection?post=11325"},{"taxonomy":"product_family","embeddable":true,"href":"https:\/\/www.santacole.com\/es\/wp-json\/wp\/v2\/product_family?post=11325"},{"taxonomy":"product_brand","embeddable":true,"href":"https:\/\/www.santacole.com\/es\/wp-json\/wp\/v2\/product_brand?post=11325"},{"taxonomy":"product_cat","embeddable":true,"href":"https:\/\/www.santacole.com\/es\/wp-json\/wp\/v2\/product_cat?post=11325"},{"taxonomy":"product_tag","embeddable":true,"href":"https:\/\/www.santacole.com\/es\/wp-json\/wp\/v2\/product_tag?post=11325"}],"curies":[{"name":"wp","href":"https:\/\/api.w.org\/{rel}","templated":true}]}}