{"id":11307,"date":"2026-03-05T17:59:01","date_gmt":"2026-03-05T16:59:01","guid":{"rendered":"https:\/\/www.santacole.com\/product\/miguel-mila-emocionar-con-lo-simple-MILALI"},"modified":"2026-03-05T17:59:16","modified_gmt":"2026-03-05T16:59:16","slug":"miguel-mila-emocionar-con-lo-simple-milali","status":"publish","type":"product","link":"https:\/\/www.santacole.com\/es\/libros\/perdigones-es\/miguel-mila-emocionar-con-lo-simple-milali\/","title":{"rendered":"Miguel Mil\u00e1: Emocionar con lo simple"},"content":{"rendered":"","protected":false},"excerpt":{"rendered":"<p>Un recorrido por la obra de Miguel Mil\u00e1, pionero del dise\u00f1o espa\u00f1ol, de la mano de Anna Calvera.<\/p>\n","protected":false},"featured_media":106544,"template":"","meta":{"_acf_changed":false},"product_collection":[],"product_family":[],"product_brand":[],"product_cat":[1536,176],"product_tag":[],"class_list":{"0":"post-11307","1":"product","2":"type-product","3":"status-publish","4":"has-post-thumbnail","6":"product_cat-perdigones-es","7":"product_cat-libros","8":"product_shipping_class-standard-en","9":"entry","11":"first","12":"instock","13":"taxable","14":"shipping-taxable","15":"product-type-simple"},"acf":[],"_links":{"self":[{"href":"https:\/\/www.santacole.com\/es\/wp-json\/wp\/v2\/product\/11307","targetHints":{"allow":["GET"]}}],"collection":[{"href":"https:\/\/www.santacole.com\/es\/wp-json\/wp\/v2\/product"}],"about":[{"href":"https:\/\/www.santacole.com\/es\/wp-json\/wp\/v2\/types\/product"}],"wp:featuredmedia":[{"embeddable":true,"href":"https:\/\/www.santacole.com\/es\/wp-json\/wp\/v2\/media\/106544"}],"wp:attachment":[{"href":"https:\/\/www.santacole.com\/es\/wp-json\/wp\/v2\/media?parent=11307"}],"wp:term":[{"taxonomy":"product_collection","embeddable":true,"href":"https:\/\/www.santacole.com\/es\/wp-json\/wp\/v2\/product_collection?post=11307"},{"taxonomy":"product_family","embeddable":true,"href":"https:\/\/www.santacole.com\/es\/wp-json\/wp\/v2\/product_family?post=11307"},{"taxonomy":"product_brand","embeddable":true,"href":"https:\/\/www.santacole.com\/es\/wp-json\/wp\/v2\/product_brand?post=11307"},{"taxonomy":"product_cat","embeddable":true,"href":"https:\/\/www.santacole.com\/es\/wp-json\/wp\/v2\/product_cat?post=11307"},{"taxonomy":"product_tag","embeddable":true,"href":"https:\/\/www.santacole.com\/es\/wp-json\/wp\/v2\/product_tag?post=11307"}],"curies":[{"name":"wp","href":"https:\/\/api.w.org\/{rel}","templated":true}]}}