{"id":11303,"date":"2026-03-05T17:58:21","date_gmt":"2026-03-05T16:58:21","guid":{"rendered":"https:\/\/www.santacole.com\/product\/tramas-arquitectonicas-de-barcelona-TRARLI"},"modified":"2026-03-05T17:58:35","modified_gmt":"2026-03-05T16:58:35","slug":"tramas-arquitectonicas-de-barcelona-trarli","status":"publish","type":"product","link":"https:\/\/www.santacole.com\/es\/libros\/perdigones-es\/tramas-arquitectonicas-de-barcelona-trarli\/","title":{"rendered":"Tramas arquitect\u00f3nicas de Barcelona"},"content":{"rendered":"","protected":false},"excerpt":{"rendered":"<p>Di\u00e1logo entre la obra de Silvia Mart\u00ednez Palou y las fotos de Catal\u00e0-Roca, que revelan su esencia pl\u00e1stica y geom\u00e9trica.<\/p>\n","protected":false},"featured_media":106824,"template":"","meta":{"_acf_changed":false},"product_collection":[],"product_family":[],"product_brand":[],"product_cat":[1536,176],"product_tag":[],"class_list":{"0":"post-11303","1":"product","2":"type-product","3":"status-publish","4":"has-post-thumbnail","6":"product_cat-perdigones-es","7":"product_cat-libros","8":"product_shipping_class-standard-en","9":"entry","11":"first","12":"instock","13":"taxable","14":"shipping-taxable","15":"product-type-simple"},"acf":[],"_links":{"self":[{"href":"https:\/\/www.santacole.com\/es\/wp-json\/wp\/v2\/product\/11303","targetHints":{"allow":["GET"]}}],"collection":[{"href":"https:\/\/www.santacole.com\/es\/wp-json\/wp\/v2\/product"}],"about":[{"href":"https:\/\/www.santacole.com\/es\/wp-json\/wp\/v2\/types\/product"}],"wp:featuredmedia":[{"embeddable":true,"href":"https:\/\/www.santacole.com\/es\/wp-json\/wp\/v2\/media\/106824"}],"wp:attachment":[{"href":"https:\/\/www.santacole.com\/es\/wp-json\/wp\/v2\/media?parent=11303"}],"wp:term":[{"taxonomy":"product_collection","embeddable":true,"href":"https:\/\/www.santacole.com\/es\/wp-json\/wp\/v2\/product_collection?post=11303"},{"taxonomy":"product_family","embeddable":true,"href":"https:\/\/www.santacole.com\/es\/wp-json\/wp\/v2\/product_family?post=11303"},{"taxonomy":"product_brand","embeddable":true,"href":"https:\/\/www.santacole.com\/es\/wp-json\/wp\/v2\/product_brand?post=11303"},{"taxonomy":"product_cat","embeddable":true,"href":"https:\/\/www.santacole.com\/es\/wp-json\/wp\/v2\/product_cat?post=11303"},{"taxonomy":"product_tag","embeddable":true,"href":"https:\/\/www.santacole.com\/es\/wp-json\/wp\/v2\/product_tag?post=11303"}],"curies":[{"name":"wp","href":"https:\/\/api.w.org\/{rel}","templated":true}]}}