{"id":11300,"date":"2026-03-05T17:58:02","date_gmt":"2026-03-05T16:58:02","guid":{"rendered":"https:\/\/www.santacole.com\/product\/la-obra-de-arte-en-la-era-de-su-reproducibilidad-tecnica-WABELI"},"modified":"2026-03-05T17:58:21","modified_gmt":"2026-03-05T16:58:21","slug":"la-obra-de-arte-en-la-era-de-su-reproducibilidad-tecnica-wabeli","status":"publish","type":"product","link":"https:\/\/www.santacole.com\/es\/libros\/perdigones-es\/la-obra-de-arte-en-la-era-de-su-reproducibilidad-tecnica-wabeli\/","title":{"rendered":"La obra de arte en la era de su reproducibilidad t\u00e9cnica"},"content":{"rendered":"","protected":false},"excerpt":{"rendered":"<p>Ensayo de Walter Benjamin que analiza c\u00f3mo la reproducci\u00f3n mec\u00e1nica transform\u00f3 el arte y la cultura del siglo XX.<\/p>\n","protected":false},"featured_media":106818,"template":"","meta":{"_acf_changed":false},"product_collection":[],"product_family":[],"product_brand":[],"product_cat":[1536,176],"product_tag":[],"class_list":{"0":"post-11300","1":"product","2":"type-product","3":"status-publish","4":"has-post-thumbnail","6":"product_cat-perdigones-es","7":"product_cat-libros","8":"product_shipping_class-standard-en","9":"entry","11":"first","12":"instock","13":"taxable","14":"shipping-taxable","15":"product-type-simple"},"acf":[],"_links":{"self":[{"href":"https:\/\/www.santacole.com\/es\/wp-json\/wp\/v2\/product\/11300","targetHints":{"allow":["GET"]}}],"collection":[{"href":"https:\/\/www.santacole.com\/es\/wp-json\/wp\/v2\/product"}],"about":[{"href":"https:\/\/www.santacole.com\/es\/wp-json\/wp\/v2\/types\/product"}],"wp:featuredmedia":[{"embeddable":true,"href":"https:\/\/www.santacole.com\/es\/wp-json\/wp\/v2\/media\/106818"}],"wp:attachment":[{"href":"https:\/\/www.santacole.com\/es\/wp-json\/wp\/v2\/media?parent=11300"}],"wp:term":[{"taxonomy":"product_collection","embeddable":true,"href":"https:\/\/www.santacole.com\/es\/wp-json\/wp\/v2\/product_collection?post=11300"},{"taxonomy":"product_family","embeddable":true,"href":"https:\/\/www.santacole.com\/es\/wp-json\/wp\/v2\/product_family?post=11300"},{"taxonomy":"product_brand","embeddable":true,"href":"https:\/\/www.santacole.com\/es\/wp-json\/wp\/v2\/product_brand?post=11300"},{"taxonomy":"product_cat","embeddable":true,"href":"https:\/\/www.santacole.com\/es\/wp-json\/wp\/v2\/product_cat?post=11300"},{"taxonomy":"product_tag","embeddable":true,"href":"https:\/\/www.santacole.com\/es\/wp-json\/wp\/v2\/product_tag?post=11300"}],"curies":[{"name":"wp","href":"https:\/\/api.w.org\/{rel}","templated":true}]}}